{"id":13520,"date":"2023-10-25T17:11:23","date_gmt":"2023-10-25T17:11:23","guid":{"rendered":"https:\/\/elalmacendeloza.com\/uncategorized\/samy-tableware-18-pieces\/"},"modified":"2025-11-28T12:56:04","modified_gmt":"2025-11-28T11:56:04","slug":"samy-tableware-18-pieces","status":"publish","type":"product","link":"https:\/\/elalmacendeloza.com\/en\/tableware\/tableware-set\/samy-tableware-18-pieces\/","title":{"rendered":"Samy- Tableware 18 pieces"},"content":{"rendered":"<div class=\"container-description\">\n<div class=\"description\">\n<h3 class=\"title-description\">  Samy- Tableware set 6  <\/h3>\n<p>\n  Crockery with flower pattern, available in black and blue. Made in our workshops in Portugal. Each plate is unique, made and painted one by one following the local pottery tradition. As it is a handmade product, the color may sometimes vary from plate to plate.  <\/p>\n<p>Composed of: 6 dinner plates \u00d8 28 cm, 6 bowls \u00d8 14,5cm and 6 dessert plates \u00d8 21cm  <\/p>\n<p>Material: Earthenware<\/p>\n<\/p><\/div>\n<div class=\"square\">\n<h3 class=\"title-description\">Care<\/h3>\n<ul class=\"ul-square\">\n<li class=\"li-square\">Dishwasher safe<\/li>\n<li class=\"li-square\">Microwaveable<\/li>\n<li class=\"li-square\">Oven safe<\/li>\n<\/ul><\/div>\n<\/div>\n","protected":false},"excerpt":{"rendered":"<p>Includes 6 dinner plates, 6 dessert plates and 6 bowls. Hand painted. <\/p>\n","protected":false},"featured_media":11633,"comment_status":"open","ping_status":"closed","template":"","meta":[],"product_brand":[],"product_cat":[783],"product_tag":[],"class_list":{"0":"post-13520","1":"product","2":"type-product","3":"status-publish","4":"has-post-thumbnail","6":"product_cat-tableware-set","7":"pa_color-black","8":"pa_tamano-one-size","10":"first","11":"outofstock","12":"taxable","13":"shipping-taxable","14":"purchasable","15":"product-type-simple"},"_links":{"self":[{"href":"https:\/\/elalmacendeloza.com\/en\/wp-json\/wp\/v2\/product\/13520","targetHints":{"allow":["GET"]}}],"collection":[{"href":"https:\/\/elalmacendeloza.com\/en\/wp-json\/wp\/v2\/product"}],"about":[{"href":"https:\/\/elalmacendeloza.com\/en\/wp-json\/wp\/v2\/types\/product"}],"replies":[{"embeddable":true,"href":"https:\/\/elalmacendeloza.com\/en\/wp-json\/wp\/v2\/comments?post=13520"}],"wp:featuredmedia":[{"embeddable":true,"href":"https:\/\/elalmacendeloza.com\/en\/wp-json\/wp\/v2\/media\/11633"}],"wp:attachment":[{"href":"https:\/\/elalmacendeloza.com\/en\/wp-json\/wp\/v2\/media?parent=13520"}],"wp:term":[{"taxonomy":"product_brand","embeddable":true,"href":"https:\/\/elalmacendeloza.com\/en\/wp-json\/wp\/v2\/product_brand?post=13520"},{"taxonomy":"product_cat","embeddable":true,"href":"https:\/\/elalmacendeloza.com\/en\/wp-json\/wp\/v2\/product_cat?post=13520"},{"taxonomy":"product_tag","embeddable":true,"href":"https:\/\/elalmacendeloza.com\/en\/wp-json\/wp\/v2\/product_tag?post=13520"}],"curies":[{"name":"wp","href":"https:\/\/api.w.org\/{rel}","templated":true}]}}