{"id":13776,"date":"2023-07-10T20:11:52","date_gmt":"2023-07-10T18:11:52","guid":{"rendered":"https:\/\/elalmacendeloza.com\/uncategorized\/petrus-tableware-set-6\/"},"modified":"2023-07-10T18:11:52","modified_gmt":"2023-07-10T18:11:52","slug":"petrus-tableware-set-6","status":"publish","type":"product","link":"https:\/\/elalmacendeloza.com\/en\/tableware\/tableware-set\/petrus-tableware-set-6\/","title":{"rendered":"Petrus- Tableware set 6"},"content":{"rendered":"<div class=\"container-description\">\n<div class=\"description\">\n<h3 class=\"title-description\">  Petrus- Dinnerware set of 6  <\/h3>\n<p>\n  Dinnerware for 6 people. Its plates have a small wave on the rim that give it a modern touch for an everyday dinnerware easy to combine with any other tableware. It consists of 6 dinner plates, 6 dessert plates and 6 bowls. Made in our workshops in Portugal. Each plate is unique, made and painted one by one following the local pottery tradition. As it is a handmade product, the color may sometimes vary from plate to plate.  <\/p>\n<p>  Dimensions: dinner plate \u00d8 12 cm, dessert plate \u00d8 18cm; bowl: \u00d813,5cm  <\/p>\n<p>Material: Earthenware<\/p>\n<\/p><\/div>\n<div class=\"square\">\n<h3 class=\"title-description\">Care<\/h3>\n<ul class=\"ul-square\">\n<li class=\"li-square\">Dishwasher safe<\/li>\n<li class=\"li-square\">Microwaveable<\/li>\n<li class=\"li-square\">Oven safe<\/li>\n<\/ul><\/div>\n<\/div>\n","protected":false},"excerpt":{"rendered":"<p>Dinner set of 6 dinner plates, 6 dessert plates and 6 bowls.<\/p>\n<p><span>Hand painted.<\/span><\/p>\n","protected":false},"featured_media":11305,"comment_status":"open","ping_status":"closed","template":"","meta":[],"product_brand":[],"product_cat":[783],"product_tag":[],"class_list":{"0":"post-13776","1":"product","2":"type-product","3":"status-publish","4":"has-post-thumbnail","6":"product_cat-tableware-set","7":"pa_color-white","8":"pa_tamano-one-size","10":"first","11":"outofstock","12":"taxable","13":"shipping-taxable","14":"purchasable","15":"product-type-simple"},"_links":{"self":[{"href":"https:\/\/elalmacendeloza.com\/en\/wp-json\/wp\/v2\/product\/13776","targetHints":{"allow":["GET"]}}],"collection":[{"href":"https:\/\/elalmacendeloza.com\/en\/wp-json\/wp\/v2\/product"}],"about":[{"href":"https:\/\/elalmacendeloza.com\/en\/wp-json\/wp\/v2\/types\/product"}],"replies":[{"embeddable":true,"href":"https:\/\/elalmacendeloza.com\/en\/wp-json\/wp\/v2\/comments?post=13776"}],"wp:featuredmedia":[{"embeddable":true,"href":"https:\/\/elalmacendeloza.com\/en\/wp-json\/wp\/v2\/media\/11305"}],"wp:attachment":[{"href":"https:\/\/elalmacendeloza.com\/en\/wp-json\/wp\/v2\/media?parent=13776"}],"wp:term":[{"taxonomy":"product_brand","embeddable":true,"href":"https:\/\/elalmacendeloza.com\/en\/wp-json\/wp\/v2\/product_brand?post=13776"},{"taxonomy":"product_cat","embeddable":true,"href":"https:\/\/elalmacendeloza.com\/en\/wp-json\/wp\/v2\/product_cat?post=13776"},{"taxonomy":"product_tag","embeddable":true,"href":"https:\/\/elalmacendeloza.com\/en\/wp-json\/wp\/v2\/product_tag?post=13776"}],"curies":[{"name":"wp","href":"https:\/\/api.w.org\/{rel}","templated":true}]}}