{"id":13854,"date":"2023-06-22T10:44:34","date_gmt":"2023-06-22T10:44:34","guid":{"rendered":"https:\/\/elalmacendeloza.com\/uncategorized\/classic-tableware-set-6\/"},"modified":"2023-06-22T10:44:34","modified_gmt":"2023-06-22T10:44:34","slug":"classic-tableware-set-6","status":"publish","type":"product","link":"https:\/\/elalmacendeloza.com\/en\/tableware\/classic-tableware-set-6\/","title":{"rendered":"Classic- Tableware set 6"},"content":{"rendered":"<div class=\"container-description\">\n<div class=\"description\">\n<h3 class=\"title-description\">  Classic- Tableware set 6  <\/h3>\n<p>Wavy porcelain vajllla.<\/p>\n<p>It consists of 6 dinner plates \u00d8 26 cm, 6 soup plates \u00d8 20cm and 6 dessert plates \u00d8 19cm.<\/p>\n<p>Material: Porcelain<\/p>\n<\/p><\/div>\n<div class=\"square\">\n<h3 class=\"title-description\">Care<\/h3>\n<ul class=\"ul-square\">\n<li class=\"li-square\">Dishwasher safe<\/li>\n<li class=\"li-square\"> Microwaveable<\/li>\n<\/ul><\/div>\n<\/div>\n","protected":false},"excerpt":{"rendered":"<p>Contains 6 dinner plates, 6 soup plates and 6 dessert plates.<\/p>\n","protected":false},"featured_media":11204,"comment_status":"open","ping_status":"closed","template":"","meta":[],"product_brand":[],"product_cat":[73],"product_tag":[],"class_list":{"0":"post-13854","1":"product","2":"type-product","3":"status-publish","4":"has-post-thumbnail","6":"product_cat-vajillas","8":"first","9":"instock","10":"taxable","11":"shipping-taxable","12":"purchasable","13":"product-type-simple"},"_links":{"self":[{"href":"https:\/\/elalmacendeloza.com\/en\/wp-json\/wp\/v2\/product\/13854","targetHints":{"allow":["GET"]}}],"collection":[{"href":"https:\/\/elalmacendeloza.com\/en\/wp-json\/wp\/v2\/product"}],"about":[{"href":"https:\/\/elalmacendeloza.com\/en\/wp-json\/wp\/v2\/types\/product"}],"replies":[{"embeddable":true,"href":"https:\/\/elalmacendeloza.com\/en\/wp-json\/wp\/v2\/comments?post=13854"}],"wp:featuredmedia":[{"embeddable":true,"href":"https:\/\/elalmacendeloza.com\/en\/wp-json\/wp\/v2\/media\/11204"}],"wp:attachment":[{"href":"https:\/\/elalmacendeloza.com\/en\/wp-json\/wp\/v2\/media?parent=13854"}],"wp:term":[{"taxonomy":"product_brand","embeddable":true,"href":"https:\/\/elalmacendeloza.com\/en\/wp-json\/wp\/v2\/product_brand?post=13854"},{"taxonomy":"product_cat","embeddable":true,"href":"https:\/\/elalmacendeloza.com\/en\/wp-json\/wp\/v2\/product_cat?post=13854"},{"taxonomy":"product_tag","embeddable":true,"href":"https:\/\/elalmacendeloza.com\/en\/wp-json\/wp\/v2\/product_tag?post=13854"}],"curies":[{"name":"wp","href":"https:\/\/api.w.org\/{rel}","templated":true}]}}