{"id":14194,"date":"2024-06-18T11:34:12","date_gmt":"2024-06-18T11:34:12","guid":{"rendered":"https:\/\/elalmacendeloza.com\/sin%20categor\u00eda\/funda-tela-bajoplato-intercambiable\/"},"modified":"2025-02-25T18:56:13","modified_gmt":"2025-02-25T18:56:13","slug":"funda-tela-bajoplato-intercambiable","status":"publish","type":"product","link":"https:\/\/elalmacendeloza.com\/en\/table-linen\/individuals\/funda-tela-bajoplato-intercambiable\/","title":{"rendered":"Funda tela bajoplato intercambiable"},"content":{"rendered":"<div class=\"container-description\">\n<div class=\"description\">\n<h3 class=\"title-description\">  funda intercambiable para bajoplato 36cm <\/h3>\n<p> Funda redonda realizado en tela de algod\u00f3n encerado ( salvo el modelo de peces, cuadros verdes y menorca granate que es algod\u00f3n solo). La tela es desenfundable lo que permite cambiarla f\u00e1cilmente y jugar con otras telas Tambi\u00e9n se puede adquirir soporte de madera y funda de tela  <\/p>\n<p>Material: Algod\u00f3n <\/p>\n<p>Medidas: \u00d836cm <\/p>\n<\/p><\/div>\n<div class=\"square\">\n<h3 class=\"title-description\">Cuidados<\/h3>\n<ul class=\"ul-square\">\n<li class=\"li-square\"> Funda: apto para lavadora en fr\u00edo \/ Tabla: limpiar con un pa\u00f1o h\u00famedo<\/li>\n<\/ul><\/div>\n<\/div>\n","protected":false},"excerpt":{"rendered":"<p>Funda para bajoplato de \u00d836cm\u00a0<\/p>\n","protected":false},"featured_media":14195,"comment_status":"open","ping_status":"closed","template":"","meta":[],"product_brand":[],"product_cat":[125],"product_tag":[],"class_list":{"0":"post-14194","1":"product","2":"type-product","3":"status-publish","4":"has-post-thumbnail","6":"product_cat-individuales","7":"pa_sa_dibujo-aneba","8":"pa_sa_dibujo-chinoise","9":"pa_sa_dibujo-ciervo","10":"pa_sa_dibujo-cuadros-verdes","11":"pa_sa_dibujo-flores","12":"pa_sa_dibujo-kaki","13":"pa_sa_dibujo-mallorca-azul","14":"pa_sa_dibujo-menorca-granate","15":"pa_sa_dibujo-peces","16":"pa_tamano-36cm","18":"first","19":"instock","20":"taxable","21":"shipping-taxable","22":"purchasable","23":"product-type-variable"},"_links":{"self":[{"href":"https:\/\/elalmacendeloza.com\/en\/wp-json\/wp\/v2\/product\/14194","targetHints":{"allow":["GET"]}}],"collection":[{"href":"https:\/\/elalmacendeloza.com\/en\/wp-json\/wp\/v2\/product"}],"about":[{"href":"https:\/\/elalmacendeloza.com\/en\/wp-json\/wp\/v2\/types\/product"}],"replies":[{"embeddable":true,"href":"https:\/\/elalmacendeloza.com\/en\/wp-json\/wp\/v2\/comments?post=14194"}],"wp:featuredmedia":[{"embeddable":true,"href":"https:\/\/elalmacendeloza.com\/en\/wp-json\/wp\/v2\/media\/14195"}],"wp:attachment":[{"href":"https:\/\/elalmacendeloza.com\/en\/wp-json\/wp\/v2\/media?parent=14194"}],"wp:term":[{"taxonomy":"product_brand","embeddable":true,"href":"https:\/\/elalmacendeloza.com\/en\/wp-json\/wp\/v2\/product_brand?post=14194"},{"taxonomy":"product_cat","embeddable":true,"href":"https:\/\/elalmacendeloza.com\/en\/wp-json\/wp\/v2\/product_cat?post=14194"},{"taxonomy":"product_tag","embeddable":true,"href":"https:\/\/elalmacendeloza.com\/en\/wp-json\/wp\/v2\/product_tag?post=14194"}],"curies":[{"name":"wp","href":"https:\/\/api.w.org\/{rel}","templated":true}]}}