{"id":14218,"date":"2024-06-18T13:16:11","date_gmt":"2024-06-18T13:16:11","guid":{"rendered":"https:\/\/elalmacendeloza.com\/sin%20categor\u00eda\/diana-bandeja-redonda\/"},"modified":"2025-02-25T18:56:43","modified_gmt":"2025-02-25T18:56:43","slug":"diana-bandeja-redonda","status":"publish","type":"product","link":"https:\/\/elalmacendeloza.com\/en\/trays\/trays-trays\/diana-bandeja-redonda\/","title":{"rendered":"Diana- Bandeja redonda"},"content":{"rendered":"<div class=\"container-description\">\n<div class=\"description\">\n<h3 class=\"title-description\">Diana- Bandeja redonda<\/h3>\n<p> Bandeja con dise\u00f1o inspirado en azulejos  Un toque fresco para tus aperitivos m\u00e1s veraniegos. Ligera y muy pr\u00e1ctica. <\/p>\n<p>Material: Madera y melamina<\/p>\n<p>Medidas:35cm di\u00e1metro  <\/p>\n<\/p><\/div>\n<div class=\"square\">\n<h3 class=\"title-description\">Cuidados<\/h3>\n<ul class=\"ul-square\">\n<li class=\"li-square\">Limpiar con un pa\u00f1o h\u00famedo <\/li>\n<li class=\"li-square\"> No apto para lavaplatos<\/li>\n<\/ul><\/div>\n<\/div>\n","protected":false},"excerpt":{"rendered":"<p>35cm di\u00e1metro<\/p>\n","protected":false},"featured_media":14219,"comment_status":"open","ping_status":"closed","template":"","meta":[],"product_brand":[],"product_cat":[85],"product_tag":[],"class_list":{"0":"post-14218","1":"product","2":"type-product","3":"status-publish","4":"has-post-thumbnail","6":"product_cat-bandejas-bandejas","7":"pa_color-multicolor","8":"pa_tamano-35cm","10":"first","11":"instock","12":"taxable","13":"shipping-taxable","14":"purchasable","15":"product-type-simple"},"_links":{"self":[{"href":"https:\/\/elalmacendeloza.com\/en\/wp-json\/wp\/v2\/product\/14218","targetHints":{"allow":["GET"]}}],"collection":[{"href":"https:\/\/elalmacendeloza.com\/en\/wp-json\/wp\/v2\/product"}],"about":[{"href":"https:\/\/elalmacendeloza.com\/en\/wp-json\/wp\/v2\/types\/product"}],"replies":[{"embeddable":true,"href":"https:\/\/elalmacendeloza.com\/en\/wp-json\/wp\/v2\/comments?post=14218"}],"wp:featuredmedia":[{"embeddable":true,"href":"https:\/\/elalmacendeloza.com\/en\/wp-json\/wp\/v2\/media\/14219"}],"wp:attachment":[{"href":"https:\/\/elalmacendeloza.com\/en\/wp-json\/wp\/v2\/media?parent=14218"}],"wp:term":[{"taxonomy":"product_brand","embeddable":true,"href":"https:\/\/elalmacendeloza.com\/en\/wp-json\/wp\/v2\/product_brand?post=14218"},{"taxonomy":"product_cat","embeddable":true,"href":"https:\/\/elalmacendeloza.com\/en\/wp-json\/wp\/v2\/product_cat?post=14218"},{"taxonomy":"product_tag","embeddable":true,"href":"https:\/\/elalmacendeloza.com\/en\/wp-json\/wp\/v2\/product_tag?post=14218"}],"curies":[{"name":"wp","href":"https:\/\/api.w.org\/{rel}","templated":true}]}}