{"id":14488,"date":"2024-07-02T20:03:11","date_gmt":"2024-07-02T20:03:11","guid":{"rendered":"https:\/\/elalmacendeloza.com\/sin%20categor\u00eda\/fa-jarras-azules\/"},"modified":"2026-02-05T11:15:19","modified_gmt":"2026-02-05T10:15:19","slug":"fa-jarras-azules","status":"publish","type":"product","link":"https:\/\/elalmacendeloza.com\/en\/fernando-alcalde-ceramica\/fa-jarras-azules\/","title":{"rendered":"FA- Jarras azules"},"content":{"rendered":"<div class=\"container-description\">\n<div class=\"description\">\n<h3 class=\"title-description\"> Jarras  <\/h3>\n<p> Fernando Alcalde, es un renombrado ceramista ubicado en Cuenca. Su primer contacto con la alfarer\u00eda se produjo durante su etapa de estudiante de Geograf\u00eda e Historia en los a\u00f1os 80, cuando el profesor de una de las asignaturas de la carrera le llev\u00f3 junto al resto de la clase a ver el taller del ceramista Adri\u00e1n Navarro. La visita no solo le interes\u00f3, sino que fue determinante para su futuro profesional. Fernando Alcalde decidi\u00f3 matricularse en la Escuela de Cer\u00e1mica de Manises (Valencia).<br \/>\nNada m\u00e1s acabar sus estudios, abri\u00f3 su propio taller, donde decidi\u00f3 especializarse en la porcelana y en los esmaltes orientales. De la tradici\u00f3n oriental, tambi\u00e9n aprendi\u00f3 a buscar en la contemplaci\u00f3n de la naturaleza la inspiraci\u00f3n para su trabajo como artesano. Sus obras est\u00e1n inspiradas en las formas del mundo vegetal. Son piezas \u00fanicas en las que el dise\u00f1o se mezcla con el arte, pero que no renuncian a su funcionalidad.  <\/p>\n<p>Medidas: 1,5l \/ 1l\/ 750ml  <\/p>\n<p>Material: Porcelana <\/p>\n<\/p><\/div>\n<div class=\"square\">\n<h3 class=\"title-description\">Cuidados<\/h3>\n<ul class=\"ul-square\">\n<li class=\"li-square\">Se recomienda lavar a mano, por la delicadeza de la pieza <\/li>\n<\/ul><\/div>\n<\/div>\n","protected":false},"excerpt":{"rendered":"<p>\u00a0Piezas del ceramista Fernando Alcalde<\/p>\n","protected":false},"featured_media":14489,"comment_status":"open","ping_status":"closed","template":"","meta":[],"product_brand":[],"product_cat":[1301],"product_tag":[],"class_list":{"0":"post-14488","1":"product","2":"type-product","3":"status-publish","4":"has-post-thumbnail","6":"product_cat-fernando-alcalde-ceramica","7":"pa_color-azul","8":"pa_tamano-15l","9":"pa_tamano-1l","10":"pa_tamano-500ml","11":"pa_tamano-750ml","13":"first","14":"instock","15":"taxable","16":"shipping-taxable","17":"purchasable","18":"product-type-variable"},"_links":{"self":[{"href":"https:\/\/elalmacendeloza.com\/en\/wp-json\/wp\/v2\/product\/14488","targetHints":{"allow":["GET"]}}],"collection":[{"href":"https:\/\/elalmacendeloza.com\/en\/wp-json\/wp\/v2\/product"}],"about":[{"href":"https:\/\/elalmacendeloza.com\/en\/wp-json\/wp\/v2\/types\/product"}],"replies":[{"embeddable":true,"href":"https:\/\/elalmacendeloza.com\/en\/wp-json\/wp\/v2\/comments?post=14488"}],"wp:featuredmedia":[{"embeddable":true,"href":"https:\/\/elalmacendeloza.com\/en\/wp-json\/wp\/v2\/media\/14489"}],"wp:attachment":[{"href":"https:\/\/elalmacendeloza.com\/en\/wp-json\/wp\/v2\/media?parent=14488"}],"wp:term":[{"taxonomy":"product_brand","embeddable":true,"href":"https:\/\/elalmacendeloza.com\/en\/wp-json\/wp\/v2\/product_brand?post=14488"},{"taxonomy":"product_cat","embeddable":true,"href":"https:\/\/elalmacendeloza.com\/en\/wp-json\/wp\/v2\/product_cat?post=14488"},{"taxonomy":"product_tag","embeddable":true,"href":"https:\/\/elalmacendeloza.com\/en\/wp-json\/wp\/v2\/product_tag?post=14488"}],"curies":[{"name":"wp","href":"https:\/\/api.w.org\/{rel}","templated":true}]}}