{"id":14578,"date":"2024-07-04T16:28:46","date_gmt":"2024-07-04T14:28:46","guid":{"rendered":"https:\/\/elalmacendeloza.com\/sin%20categor\u00eda\/stone-lecheritas\/"},"modified":"2026-01-09T17:09:06","modified_gmt":"2026-01-09T16:09:06","slug":"stone-lecheritas","status":"publish","type":"product","link":"https:\/\/elalmacendeloza.com\/en\/sales\/stone-lecheritas\/","title":{"rendered":"Stone- Lecheritas"},"content":{"rendered":"<p>div class=&#8221;container-description&#8221;&gt;<\/p>\n<div class=\"description\">\n<h3 class=\"title-description\">Stone- Lecheritas <\/h3>\n<p>  Esta colecci\u00f3n de lecheras hechas artesanalmente en Portugal est\u00e1n disponibles en dos tama\u00f1os y en 4 colores diferentes. Se pueden usar como lechera o para servir salsa o natas para el postre.  <\/p>\n<p>Material: gr\u00e9s<\/p>\n<\/p><\/div>\n<div class=\"square\">\n<h3 class=\"title-description\">Cuidados<\/h3>\n<ul class=\"ul-square\">\n<li class=\"li-square\">Apto para lavaplatos<\/li>\n<li class=\"li-square\">Apto para microondas<\/li>\n<\/ul><\/div>\n<\/div>\n","protected":false},"excerpt":{"rendered":"<p>300ml y 110ml\u00a0<\/p>\n","protected":false},"featured_media":14579,"comment_status":"open","ping_status":"closed","template":"","meta":[],"product_brand":[],"product_cat":[496,575],"product_tag":[],"class_list":{"0":"post-14578","1":"product","2":"type-product","3":"status-publish","4":"has-post-thumbnail","6":"product_cat-lecheras","7":"product_cat-rebajas","8":"pa_brand-nosse-ceramic","9":"pa_color-azul","10":"pa_color-gris-piedra","11":"pa_color-rosa","12":"pa_color-verde","13":"pa_tamano-110ml","14":"pa_tamano-300ml","16":"first","17":"instock","18":"sale","19":"taxable","20":"shipping-taxable","21":"purchasable","22":"product-type-variable"},"_links":{"self":[{"href":"https:\/\/elalmacendeloza.com\/en\/wp-json\/wp\/v2\/product\/14578","targetHints":{"allow":["GET"]}}],"collection":[{"href":"https:\/\/elalmacendeloza.com\/en\/wp-json\/wp\/v2\/product"}],"about":[{"href":"https:\/\/elalmacendeloza.com\/en\/wp-json\/wp\/v2\/types\/product"}],"replies":[{"embeddable":true,"href":"https:\/\/elalmacendeloza.com\/en\/wp-json\/wp\/v2\/comments?post=14578"}],"wp:featuredmedia":[{"embeddable":true,"href":"https:\/\/elalmacendeloza.com\/en\/wp-json\/wp\/v2\/media\/14579"}],"wp:attachment":[{"href":"https:\/\/elalmacendeloza.com\/en\/wp-json\/wp\/v2\/media?parent=14578"}],"wp:term":[{"taxonomy":"product_brand","embeddable":true,"href":"https:\/\/elalmacendeloza.com\/en\/wp-json\/wp\/v2\/product_brand?post=14578"},{"taxonomy":"product_cat","embeddable":true,"href":"https:\/\/elalmacendeloza.com\/en\/wp-json\/wp\/v2\/product_cat?post=14578"},{"taxonomy":"product_tag","embeddable":true,"href":"https:\/\/elalmacendeloza.com\/en\/wp-json\/wp\/v2\/product_tag?post=14578"}],"curies":[{"name":"wp","href":"https:\/\/api.w.org\/{rel}","templated":true}]}}