{"id":14785,"date":"2024-08-27T13:59:39","date_gmt":"2024-08-27T11:59:39","guid":{"rendered":"https:\/\/elalmacendeloza.com\/sin%20categor\u00eda\/classic-plato-merienda\/"},"modified":"2026-01-09T16:40:18","modified_gmt":"2026-01-09T15:40:18","slug":"classic-plato-merienda","status":"publish","type":"product","link":"https:\/\/elalmacendeloza.com\/en\/cups-and-breakfast\/breakfast-snack-plate\/classic-plato-merienda\/","title":{"rendered":"Classic- Plato merienda"},"content":{"rendered":"<div class=\"container-description\">\n<div class=\"description\">\n<h3 class=\"title-description\"> Classic- Plato merienda<\/h3>\n<p>Detalles<\/p>\n<p> Medida: \u00d8 19 cm <\/p>\n<p>Material: Porcelana<\/p>\n<\/p><\/div>\n<div class=\"square\">\n<h3 class=\"title-description\">Cuidados<\/h3>\n<ul class=\"ul-square\">\n<li class=\"li-square\">Apto para lavaplatos<\/li>\n<li class=\"li-square\"> Apto para microondas<\/li>\n<\/ul><\/div>\n<\/div>\n","protected":false},"excerpt":{"rendered":"<p><span>\u00d8 16 cm<\/span><\/p>\n<p>\u00a0Elegante plato de merienda realizado en porcelana. La ondulaci\u00f3n del borde de da ese toque sofisticado para tus meriendas m\u00e1s british.No te pierdas la colecci\u00f3n Classic.\u00a0 \u00a0\u00a0<\/p>\n<p><\/p>\n<p><\/p>\n","protected":false},"featured_media":14786,"comment_status":"open","ping_status":"closed","template":"","meta":[],"product_brand":[],"product_cat":[680],"product_tag":[],"class_list":{"0":"post-14785","1":"product","2":"type-product","3":"status-publish","4":"has-post-thumbnail","6":"product_cat-plato-desayuno-merienda","7":"pa_brand-easylife","8":"pa_color-blanco","9":"pa_sa_material-porcelana","11":"first","12":"instock","13":"taxable","14":"shipping-taxable","15":"purchasable","16":"product-type-simple"},"_links":{"self":[{"href":"https:\/\/elalmacendeloza.com\/en\/wp-json\/wp\/v2\/product\/14785","targetHints":{"allow":["GET"]}}],"collection":[{"href":"https:\/\/elalmacendeloza.com\/en\/wp-json\/wp\/v2\/product"}],"about":[{"href":"https:\/\/elalmacendeloza.com\/en\/wp-json\/wp\/v2\/types\/product"}],"replies":[{"embeddable":true,"href":"https:\/\/elalmacendeloza.com\/en\/wp-json\/wp\/v2\/comments?post=14785"}],"wp:featuredmedia":[{"embeddable":true,"href":"https:\/\/elalmacendeloza.com\/en\/wp-json\/wp\/v2\/media\/14786"}],"wp:attachment":[{"href":"https:\/\/elalmacendeloza.com\/en\/wp-json\/wp\/v2\/media?parent=14785"}],"wp:term":[{"taxonomy":"product_brand","embeddable":true,"href":"https:\/\/elalmacendeloza.com\/en\/wp-json\/wp\/v2\/product_brand?post=14785"},{"taxonomy":"product_cat","embeddable":true,"href":"https:\/\/elalmacendeloza.com\/en\/wp-json\/wp\/v2\/product_cat?post=14785"},{"taxonomy":"product_tag","embeddable":true,"href":"https:\/\/elalmacendeloza.com\/en\/wp-json\/wp\/v2\/product_tag?post=14785"}],"curies":[{"name":"wp","href":"https:\/\/api.w.org\/{rel}","templated":true}]}}