{"id":14836,"date":"2024-09-12T12:01:54","date_gmt":"2024-09-12T10:01:54","guid":{"rendered":"https:\/\/elalmacendeloza.com\/sin%20categor\u00eda\/maritimo-cuenco\/"},"modified":"2026-03-04T18:33:25","modified_gmt":"2026-03-04T17:33:25","slug":"maritimo-cuenco","status":"publish","type":"product","link":"https:\/\/elalmacendeloza.com\/en\/tableware\/bowls\/maritimo-cuenco\/","title":{"rendered":"Mar\u00edtimo- Cuenco"},"content":{"rendered":"<div class=\"container-description\">\n<div class=\"description\">\n<h3 class=\"title-description\">Cuenco &#8211; Mar\u00edtimo<\/h3>\n<p>  Divertida ensaladera de porcelana con dibujos mar\u00edtimos en el exterior y cangrejo con relieve en el centro. Comb\u00ednalo con la ensaladera a juego, para poner las ensaladas y el ali\u00f1o por ejemplo. <\/p>\n<p> Medida: \u00d8 16 cm <\/p>\n<p>Material: Porcelana<\/p>\n<\/p><\/div>\n<div class=\"square\">\n<h3 class=\"title-description\">Cuidados<\/h3>\n<ul class=\"ul-square\">\n<li class=\"li-square\">Apto para lavaplatos<\/li>\n<li class=\"li-square\">Apto para microondas<\/li>\n<\/ul><\/div>\n<\/div>\n","protected":false},"excerpt":{"rendered":"<p>\u00d816cm<\/p>\n","protected":false},"featured_media":14837,"comment_status":"open","ping_status":"closed","template":"","meta":[],"product_brand":[],"product_cat":[135],"product_tag":[],"class_list":{"0":"post-14836","1":"product","2":"type-product","3":"status-publish","4":"has-post-thumbnail","6":"product_cat-cuencos","7":"pa_brand-easylife","8":"pa_color-rojo","9":"pa_tamano-16cm","11":"first","12":"instock","13":"taxable","14":"shipping-taxable","15":"purchasable","16":"product-type-simple"},"_links":{"self":[{"href":"https:\/\/elalmacendeloza.com\/en\/wp-json\/wp\/v2\/product\/14836","targetHints":{"allow":["GET"]}}],"collection":[{"href":"https:\/\/elalmacendeloza.com\/en\/wp-json\/wp\/v2\/product"}],"about":[{"href":"https:\/\/elalmacendeloza.com\/en\/wp-json\/wp\/v2\/types\/product"}],"replies":[{"embeddable":true,"href":"https:\/\/elalmacendeloza.com\/en\/wp-json\/wp\/v2\/comments?post=14836"}],"wp:featuredmedia":[{"embeddable":true,"href":"https:\/\/elalmacendeloza.com\/en\/wp-json\/wp\/v2\/media\/14837"}],"wp:attachment":[{"href":"https:\/\/elalmacendeloza.com\/en\/wp-json\/wp\/v2\/media?parent=14836"}],"wp:term":[{"taxonomy":"product_brand","embeddable":true,"href":"https:\/\/elalmacendeloza.com\/en\/wp-json\/wp\/v2\/product_brand?post=14836"},{"taxonomy":"product_cat","embeddable":true,"href":"https:\/\/elalmacendeloza.com\/en\/wp-json\/wp\/v2\/product_cat?post=14836"},{"taxonomy":"product_tag","embeddable":true,"href":"https:\/\/elalmacendeloza.com\/en\/wp-json\/wp\/v2\/product_tag?post=14836"}],"curies":[{"name":"wp","href":"https:\/\/api.w.org\/{rel}","templated":true}]}}