{"id":14872,"date":"2024-09-19T11:29:20","date_gmt":"2024-09-19T09:29:20","guid":{"rendered":"https:\/\/elalmacendeloza.com\/sin%20categor\u00eda\/copa-borgona-730ml\/"},"modified":"2026-03-28T12:15:15","modified_gmt":"2026-03-28T11:15:15","slug":"copa-borgona-730ml","status":"publish","type":"product","link":"https:\/\/elalmacendeloza.com\/en\/glassware\/wine-glass\/copa-borgona-730ml\/","title":{"rendered":"Copa Borgo\u00f1a 730ml"},"content":{"rendered":"<div class=\"container-description\">\n<div class=\"description\">\n<h3 class=\"title-description\">Copa Borgo\u00f1a  <\/h3>\n<p> Pertenece a la marca eslovaca RONE, conocida por su alta calidad de cristaler\u00eda para hosteleria. Su construcci\u00f3n ligera de una sola pieza , irradia elegancia a la vez que una resistencia  a los golpes gracias a su borde tratado con l\u00e1ser. El gran tama\u00f1o de la copa permite una mayor exposici\u00f3n del vino al aire, lo que intensifica la oxidaci\u00f3n y ayuda a liberar los aromas y sabores m\u00e1s sutiles del vino. Su forma ancha en la base y m\u00e1s estrecha hacia el borde ayuda a dirigir los aromas hacia la nariz, intensificando la experiencia olfativa.  Adem\u00e1s su gran tama\u00f1o  permite que el vino mantenga una temperatura adecuada durante m\u00e1s tiempo. Toda una experiencia para los amantes del vino .<\/p>\n<h3 class=\"title-description\"> Caracter\u00edsticas:  <\/h3>\n<p> Medida: 730ml<\/p>\n<p>Material: Cristal <\/p>\n<\/p><\/div>\n<div class=\"square\">\n<h3 class=\"title-description\">Cuidados<\/h3>\n<ul class=\"ul-square\">\n<li class=\"li-square\"> Apto para lavaplatos <\/li>\n<\/ul><\/div>\n<\/div>\n","protected":false},"excerpt":{"rendered":"<p>Beber en una copa de borgo\u00f1a ofrece una experiencia m\u00e1s rica y compleja, especialmente con vinos tintos de cuerpo completo, como el Pinot Noir o el Borgo\u00f1a.<\/p>\n<p><\/p>\n","protected":false},"featured_media":14873,"comment_status":"open","ping_status":"closed","template":"","meta":[],"product_brand":[],"product_cat":[108],"product_tag":[],"class_list":{"0":"post-14872","1":"product","2":"type-product","3":"status-publish","4":"has-post-thumbnail","6":"product_cat-copa-vino","7":"pa_brand-riera","8":"pa_color-transparente","9":"pa_tamano-730ml","11":"first","12":"instock","13":"taxable","14":"shipping-taxable","15":"purchasable","16":"product-type-simple"},"_links":{"self":[{"href":"https:\/\/elalmacendeloza.com\/en\/wp-json\/wp\/v2\/product\/14872","targetHints":{"allow":["GET"]}}],"collection":[{"href":"https:\/\/elalmacendeloza.com\/en\/wp-json\/wp\/v2\/product"}],"about":[{"href":"https:\/\/elalmacendeloza.com\/en\/wp-json\/wp\/v2\/types\/product"}],"replies":[{"embeddable":true,"href":"https:\/\/elalmacendeloza.com\/en\/wp-json\/wp\/v2\/comments?post=14872"}],"wp:featuredmedia":[{"embeddable":true,"href":"https:\/\/elalmacendeloza.com\/en\/wp-json\/wp\/v2\/media\/14873"}],"wp:attachment":[{"href":"https:\/\/elalmacendeloza.com\/en\/wp-json\/wp\/v2\/media?parent=14872"}],"wp:term":[{"taxonomy":"product_brand","embeddable":true,"href":"https:\/\/elalmacendeloza.com\/en\/wp-json\/wp\/v2\/product_brand?post=14872"},{"taxonomy":"product_cat","embeddable":true,"href":"https:\/\/elalmacendeloza.com\/en\/wp-json\/wp\/v2\/product_cat?post=14872"},{"taxonomy":"product_tag","embeddable":true,"href":"https:\/\/elalmacendeloza.com\/en\/wp-json\/wp\/v2\/product_tag?post=14872"}],"curies":[{"name":"wp","href":"https:\/\/api.w.org\/{rel}","templated":true}]}}