{"id":14881,"date":"2024-09-20T12:31:08","date_gmt":"2024-09-20T10:31:08","guid":{"rendered":"https:\/\/elalmacendeloza.com\/sin%20categor\u00eda\/claustro-vela-cera-natural\/"},"modified":"2026-01-12T18:10:59","modified_gmt":"2026-01-12T17:10:59","slug":"claustro-vela-cera-natural","status":"publish","type":"product","link":"https:\/\/elalmacendeloza.com\/en\/lightning\/candles\/claustro-vela-cera-natural\/","title":{"rendered":"Claustro- Vela cera natural"},"content":{"rendered":"<div class=\"container-description\">\n<div class=\"description\">\n<h3 class=\"title-description\"> Velas de cera natural colecci\u00f3n Clautro <\/h3>\n<p> Cerabella, una marca con m\u00e1s de 150 a\u00f1os de tradici\u00f3n, presenta su exclusiva colecci\u00f3n de velas de cera natural, dise\u00f1adas para transformar cualquier espacio en un oasis de serenidad. Cada una de estas velas est\u00e1 meticulosamente elaborada a mano, utilizando cera de alta calidad y sostenibilidad, lo que garantiza una combusti\u00f3n limpia, sin t\u00f3xicos, y de larga duraci\u00f3n. Esta colecci\u00f3n ofrece una variedad de medidas para adaptarse a tus necesidades decorativas. Lo ideal, hacer bodegones jugando con los diferentes tama\u00f1os <\/p>\n<p>\u00d88&#215;20 cm: Un tama\u00f1o elegante y esbelto, ideal para centros de mesa o esquinas que necesiten un toque de sofisticaci\u00f3n. +\/-80h duraci\u00f3n <\/p>\n<p> \u00d87&#215;20 cm: Sutil y estilizada, perfecta para crear ambientes \u00edntimos y c\u00e1lidos en cualquier rinc\u00f3n de tu hogar. +\/- 55h duraci\u00f3n<\/p>\n<p> \u00d88&#215;12 cm: Compacta y vers\u00e1til, esta vela es una excelente opci\u00f3n para estanter\u00edas o repisas, donde un suave resplandor puede marcar la diferencia +\/- 45h duraci\u00f3n<\/p>\n<p>\u00d810&#215;15 cm: Con su base robusta y proporciones equilibradas, es ideal para destacar en mesas auxiliares o crear un punto focal en la decoraci\u00f3n de tu hogar.+\/- 80h duraci\u00f3n<\/p>\n<p>Material: Cera natural <\/p>\n<\/p><\/div>\n<div class=\"square\">\n<h3 class=\"title-description\">Cuidados<\/h3>\n<ul class=\"ul-square\">\n<li class=\"li-square\">La primera vez que uses la vela, d\u00e9jala encendida el tiempo suficiente para que toda la superficie superior se derrita uniformemente. Esto evitar\u00e1 que se forme un t\u00fanel en el centro y asegurar\u00e1 que la cera se consuma de manera homog\u00e9nea.<\/li>\n<li class=\"li-square\"> Si se acumula cera derretida alrededor de la mecha, ret\u00edrala con cuidado para mantener la llama estable y prolongar el tiempo de combusti\u00f3n<\/li>\n<\/ul><\/div>\n<\/div>\n","protected":false},"excerpt":{"rendered":"<p><span>Descubre la esencia de la naturaleza con nuestras velas de cera natural de la marca espa\u00f1ola Cerabella. Disponibles en diversas medidas para iluminar y ambientar tu espacio. Cada vela est\u00e1 elaborada con ingredientes sostenibles, ofreciendo una combusti\u00f3n limpia y prolongada. Perfectas para cualquier ocasi\u00f3n.<\/span><\/p>\n<p><\/p>\n<p><\/p>\n<p><\/p>\n","protected":false},"featured_media":14896,"comment_status":"open","ping_status":"closed","template":"","meta":[],"product_brand":[],"product_cat":[121],"product_tag":[],"class_list":{"0":"post-14881","1":"product","2":"type-product","3":"status-publish","4":"has-post-thumbnail","6":"product_cat-velas","7":"pa_brand-cerabella","8":"pa_color-natural","9":"pa_tamano-10x15cm","10":"pa_tamano-7x20","11":"pa_tamano-8x12","12":"pa_tamano-8x20","14":"first","15":"instock","16":"taxable","17":"shipping-taxable","18":"purchasable","19":"product-type-variable"},"_links":{"self":[{"href":"https:\/\/elalmacendeloza.com\/en\/wp-json\/wp\/v2\/product\/14881","targetHints":{"allow":["GET"]}}],"collection":[{"href":"https:\/\/elalmacendeloza.com\/en\/wp-json\/wp\/v2\/product"}],"about":[{"href":"https:\/\/elalmacendeloza.com\/en\/wp-json\/wp\/v2\/types\/product"}],"replies":[{"embeddable":true,"href":"https:\/\/elalmacendeloza.com\/en\/wp-json\/wp\/v2\/comments?post=14881"}],"wp:featuredmedia":[{"embeddable":true,"href":"https:\/\/elalmacendeloza.com\/en\/wp-json\/wp\/v2\/media\/14896"}],"wp:attachment":[{"href":"https:\/\/elalmacendeloza.com\/en\/wp-json\/wp\/v2\/media?parent=14881"}],"wp:term":[{"taxonomy":"product_brand","embeddable":true,"href":"https:\/\/elalmacendeloza.com\/en\/wp-json\/wp\/v2\/product_brand?post=14881"},{"taxonomy":"product_cat","embeddable":true,"href":"https:\/\/elalmacendeloza.com\/en\/wp-json\/wp\/v2\/product_cat?post=14881"},{"taxonomy":"product_tag","embeddable":true,"href":"https:\/\/elalmacendeloza.com\/en\/wp-json\/wp\/v2\/product_tag?post=14881"}],"curies":[{"name":"wp","href":"https:\/\/api.w.org\/{rel}","templated":true}]}}