{"id":15437,"date":"2024-10-21T15:39:08","date_gmt":"2024-10-21T13:39:08","guid":{"rendered":"https:\/\/elalmacendeloza.com\/sin%20categor\u00eda\/huerto-zanahoria\/"},"modified":"2026-01-09T16:56:41","modified_gmt":"2026-01-09T15:56:41","slug":"huerto-zanahoria","status":"publish","type":"product","link":"https:\/\/elalmacendeloza.com\/en\/table-accessories\/table-decoration\/huerto-zanahoria\/","title":{"rendered":"Huerto Zanahoria"},"content":{"rendered":"<div class=\"container-description\">\n<div class=\"description\">\n<h3 class=\"title-description\">Zanahoria cer\u00e1mica   <\/h3>\n<p>Estas zanahorias artesanales, disponibles en dos tama\u00f1os, 11 cm y 19 cm, son un testimonio del arte de la cer\u00e1mica italiana. Hechas a mano por expertos artesanos, cada zanahoria es \u00fanica y presenta variaciones en color y textura que realzan su realismo. Su elaboraci\u00f3n meticulosa asegura que cada pieza sea un reflejo aut\u00e9ntico de la zanahoria natural, ideal para quienes buscan un toque decorativo original y de alta calidad. La artesan\u00eda detr\u00e1s de cada zanahoria hace que sea una pieza especial y exclusiva, perfecta para embellecer cualquier amesa. <\/p>\n<h3 class=\"title-description\"> Caracter\u00edsticas:  <\/h3>\n<p> Medida: 19cm\/ 11cm  <\/p>\n<p>Material: Loza<\/p>\n<\/p><\/div>\n<div class=\"square\">\n<h3 class=\"title-description\">Cuidados<\/h3>\n<ul class=\"ul-square\">\n<li class=\"li-square\"> Se recomienda lava a mano<\/li>\n<li class=\"li-square\">  Producto muy fr\u00e1gil.<\/li>\n<\/ul><\/div>\n<\/div>\n","protected":false},"excerpt":{"rendered":"<p>Las zanahorias de cer\u00e1mica artesanal italiana capturan con precisi\u00f3n la textura y el color natural, aportando un toque de frescura r\u00fastica.<\/p>\n<p><\/p>\n","protected":false},"featured_media":15438,"comment_status":"open","ping_status":"closed","template":"","meta":[],"product_brand":[],"product_cat":[77],"product_tag":[],"class_list":{"0":"post-15437","1":"product","2":"type-product","3":"status-publish","4":"has-post-thumbnail","6":"product_cat-decoracion-mesa","7":"pa_brand-annaluma","8":"pa_color-naranja","9":"pa_tamano-grande","10":"pa_tamano-pequeno","12":"first","13":"instock","14":"taxable","15":"shipping-taxable","16":"purchasable","17":"product-type-variable"},"_links":{"self":[{"href":"https:\/\/elalmacendeloza.com\/en\/wp-json\/wp\/v2\/product\/15437","targetHints":{"allow":["GET"]}}],"collection":[{"href":"https:\/\/elalmacendeloza.com\/en\/wp-json\/wp\/v2\/product"}],"about":[{"href":"https:\/\/elalmacendeloza.com\/en\/wp-json\/wp\/v2\/types\/product"}],"replies":[{"embeddable":true,"href":"https:\/\/elalmacendeloza.com\/en\/wp-json\/wp\/v2\/comments?post=15437"}],"wp:featuredmedia":[{"embeddable":true,"href":"https:\/\/elalmacendeloza.com\/en\/wp-json\/wp\/v2\/media\/15438"}],"wp:attachment":[{"href":"https:\/\/elalmacendeloza.com\/en\/wp-json\/wp\/v2\/media?parent=15437"}],"wp:term":[{"taxonomy":"product_brand","embeddable":true,"href":"https:\/\/elalmacendeloza.com\/en\/wp-json\/wp\/v2\/product_brand?post=15437"},{"taxonomy":"product_cat","embeddable":true,"href":"https:\/\/elalmacendeloza.com\/en\/wp-json\/wp\/v2\/product_cat?post=15437"},{"taxonomy":"product_tag","embeddable":true,"href":"https:\/\/elalmacendeloza.com\/en\/wp-json\/wp\/v2\/product_tag?post=15437"}],"curies":[{"name":"wp","href":"https:\/\/api.w.org\/{rel}","templated":true}]}}