{"id":15449,"date":"2024-10-21T15:47:46","date_gmt":"2024-10-21T13:47:46","guid":{"rendered":"https:\/\/elalmacendeloza.com\/sin%20categor\u00eda\/huerto-esparrago\/"},"modified":"2026-01-09T16:47:09","modified_gmt":"2026-01-09T15:47:09","slug":"huerto-esparrago","status":"publish","type":"product","link":"https:\/\/elalmacendeloza.com\/en\/table-accessories\/table-decoration\/huerto-esparrago\/","title":{"rendered":"Huerto Esp\u00e1rrago"},"content":{"rendered":"<div class=\"container-description\">\n<div class=\"description\">\n<h3 class=\"title-description\"> Esp\u00e1rragos de cer\u00e1mica   <\/h3>\n<p>Estos esp\u00e1rragos son una muestra del meticuloso trabajo artesanal que caracteriza a la cer\u00e1mica italiana. Hechos a mano en loza, cada esp\u00e1rrago ha sido moldeado con cuidado para reflejar su forma delgada y elegante con un realismo sorprendente. Cada pieza es \u00fanica, lo que significa que no encontrar\u00e1s dos esp\u00e1rragos exactamente iguales. El esmero puesto en la creaci\u00f3n de estos esp\u00e1rragos asegura que sean una pieza decorativa distintiva, perfecta para quienes buscan un toque de originalidad y elegancia en su mesa. <\/p>\n<h3 class=\"title-description\"> Caracter\u00edsticas:  <\/h3>\n<p> Medida: 16 cm  <\/p>\n<p>Material:Loza<\/p>\n<\/p><\/div>\n<div class=\"square\">\n<h3 class=\"title-description\">Cuidados<\/h3>\n<ul class=\"ul-square\">\n<li class=\"li-square\"> Se recomienda lava a mano<\/li>\n<li class=\"li-square\">  Producto muy fr\u00e1gil<\/li>\n<\/ul><\/div>\n<\/div>\n","protected":false},"excerpt":{"rendered":"<p>\u00a0Los finos y detallados esp\u00e1rragos de loza italiana son el complemento perfecto para una decoraci\u00f3n vibrante y natural. Realizados artesanalmente.<\/p>\n<p><\/p>\n","protected":false},"featured_media":15450,"comment_status":"open","ping_status":"closed","template":"","meta":[],"product_brand":[],"product_cat":[77],"product_tag":[],"class_list":{"0":"post-15449","1":"product","2":"type-product","3":"status-publish","4":"has-post-thumbnail","6":"product_cat-decoracion-mesa","7":"pa_brand-annaluma","8":"pa_color-verde-rosa","9":"pa_sa_tallas-unico","11":"first","12":"outofstock","13":"taxable","14":"shipping-taxable","15":"purchasable","16":"product-type-simple"},"_links":{"self":[{"href":"https:\/\/elalmacendeloza.com\/en\/wp-json\/wp\/v2\/product\/15449","targetHints":{"allow":["GET"]}}],"collection":[{"href":"https:\/\/elalmacendeloza.com\/en\/wp-json\/wp\/v2\/product"}],"about":[{"href":"https:\/\/elalmacendeloza.com\/en\/wp-json\/wp\/v2\/types\/product"}],"replies":[{"embeddable":true,"href":"https:\/\/elalmacendeloza.com\/en\/wp-json\/wp\/v2\/comments?post=15449"}],"wp:featuredmedia":[{"embeddable":true,"href":"https:\/\/elalmacendeloza.com\/en\/wp-json\/wp\/v2\/media\/15450"}],"wp:attachment":[{"href":"https:\/\/elalmacendeloza.com\/en\/wp-json\/wp\/v2\/media?parent=15449"}],"wp:term":[{"taxonomy":"product_brand","embeddable":true,"href":"https:\/\/elalmacendeloza.com\/en\/wp-json\/wp\/v2\/product_brand?post=15449"},{"taxonomy":"product_cat","embeddable":true,"href":"https:\/\/elalmacendeloza.com\/en\/wp-json\/wp\/v2\/product_cat?post=15449"},{"taxonomy":"product_tag","embeddable":true,"href":"https:\/\/elalmacendeloza.com\/en\/wp-json\/wp\/v2\/product_tag?post=15449"}],"curies":[{"name":"wp","href":"https:\/\/api.w.org\/{rel}","templated":true}]}}