{"id":15468,"date":"2024-10-21T15:57:29","date_gmt":"2024-10-21T13:57:29","guid":{"rendered":"https:\/\/elalmacendeloza.com\/sin%20categor\u00eda\/huerto-berenjena\/"},"modified":"2026-01-09T16:43:05","modified_gmt":"2026-01-09T15:43:05","slug":"huerto-berenjena","status":"publish","type":"product","link":"https:\/\/elalmacendeloza.com\/en\/table-accessories\/table-decoration\/huerto-berenjena\/","title":{"rendered":"Huerto Berenjena"},"content":{"rendered":"<div class=\"container-description\">\n<div class=\"description\">\n<h3 class=\"title-description\"> Berenjena  <\/h3>\n<p>Esta berenjena ha sido esculpida y pintada a mano por artesanos italianos, haciendo de cada pieza una creaci\u00f3n \u00fanica. La atenci\u00f3n al detalle en la forma y color, que imitan a la perfecci\u00f3n la textura de la berenjena real, demuestra la habilidad y experiencia de los ceramistas italianos. Esta pieza artesanal en loza es ideal para aquellos que desean una decoraci\u00f3n refinada y aut\u00e9ntica. La berenjena es m\u00e1s que un objeto decorativo, es una obra de arte que refleja la pasi\u00f3n por la cer\u00e1mica hecha a mano en Italia. <\/p>\n<h3 class=\"title-description\"> Caracter\u00edsticas:  <\/h3>\n<p> Medida: 18 cm <\/p>\n<p>Material: Loza <\/p>\n<\/p><\/div>\n<div class=\"square\">\n<h3 class=\"title-description\">Cuidados<\/h3>\n<ul class=\"ul-square\">\n<li class=\"li-square\"> Se recomienda lava a mano<\/li>\n<li class=\"li-square\">  Producto muy fr\u00e1gil.<\/li>\n<\/ul><\/div>\n<\/div>\n","protected":false},"excerpt":{"rendered":"<p>Esta berenjena en loza artesanal refleja la elegancia y textura de este ic\u00f3nico vegetal. Una pieza \u00fanica, hecha a mano en Italia.<\/p>\n<p><\/p>\n","protected":false},"featured_media":15469,"comment_status":"open","ping_status":"closed","template":"","meta":[],"product_brand":[],"product_cat":[77],"product_tag":[],"class_list":{"0":"post-15468","1":"product","2":"type-product","3":"status-publish","4":"has-post-thumbnail","6":"product_cat-decoracion-mesa","7":"pa_brand-annaluma","8":"pa_color-morado","9":"pa_sa_tallas-unico","11":"first","12":"outofstock","13":"taxable","14":"shipping-taxable","15":"purchasable","16":"product-type-simple"},"_links":{"self":[{"href":"https:\/\/elalmacendeloza.com\/en\/wp-json\/wp\/v2\/product\/15468","targetHints":{"allow":["GET"]}}],"collection":[{"href":"https:\/\/elalmacendeloza.com\/en\/wp-json\/wp\/v2\/product"}],"about":[{"href":"https:\/\/elalmacendeloza.com\/en\/wp-json\/wp\/v2\/types\/product"}],"replies":[{"embeddable":true,"href":"https:\/\/elalmacendeloza.com\/en\/wp-json\/wp\/v2\/comments?post=15468"}],"wp:featuredmedia":[{"embeddable":true,"href":"https:\/\/elalmacendeloza.com\/en\/wp-json\/wp\/v2\/media\/15469"}],"wp:attachment":[{"href":"https:\/\/elalmacendeloza.com\/en\/wp-json\/wp\/v2\/media?parent=15468"}],"wp:term":[{"taxonomy":"product_brand","embeddable":true,"href":"https:\/\/elalmacendeloza.com\/en\/wp-json\/wp\/v2\/product_brand?post=15468"},{"taxonomy":"product_cat","embeddable":true,"href":"https:\/\/elalmacendeloza.com\/en\/wp-json\/wp\/v2\/product_cat?post=15468"},{"taxonomy":"product_tag","embeddable":true,"href":"https:\/\/elalmacendeloza.com\/en\/wp-json\/wp\/v2\/product_tag?post=15468"}],"curies":[{"name":"wp","href":"https:\/\/api.w.org\/{rel}","templated":true}]}}