{"id":15640,"date":"2024-10-24T16:17:47","date_gmt":"2024-10-24T14:17:47","guid":{"rendered":"https:\/\/elalmacendeloza.com\/sin%20categor\u00eda\/green-plato-sopa\/"},"modified":"2026-03-12T13:07:08","modified_gmt":"2026-03-12T12:07:08","slug":"green-plato-sopa","status":"publish","type":"product","link":"https:\/\/elalmacendeloza.com\/en\/tableware\/tureens\/green-plato-sopa\/","title":{"rendered":"Green- Plato sopa"},"content":{"rendered":"<div class=\"container-description\">\n<div class=\"description\">\n<h3 class=\"title-description\">  Green plato sopero   <\/h3>\n<p>A\u00f1ade un toque de frescura y estilo a tu mesa con este plato sopero de porcelana verde. Su dise\u00f1o moderno y color vibrante lo convierten en la opci\u00f3n perfecta tanto para comidas cotidianas como para ocasiones especiales. Fabricado en porcelana de alta calidad, este plato es resistente, duradero y apto para lavavajillas, lo que facilita su uso diario. <\/p>\n<h3 class=\"title-description\"> Caracter\u00edsticas:  <\/h3>\n<p> Medida: 20 cm <\/p>\n<p>Material: Porcelana <\/p>\n<\/p><\/div>\n<div class=\"square\">\n<h3 class=\"title-description\">Cuidados<\/h3>\n<ul class=\"ul-square\">\n<li class=\"li-square\"> Apto para lavaplatos<\/li>\n<li class=\"li-square\">  apto microondas<\/li>\n<\/ul><\/div>\n<\/div>\n","protected":false},"excerpt":{"rendered":"<p>Green plato sopero A\u00f1ade un toque de frescura y estilo a tu mesa con este plato sopero de porcelana verde.<\/p>\n","protected":false},"featured_media":15641,"comment_status":"open","ping_status":"closed","template":"","meta":[],"product_brand":[],"product_cat":[128],"product_tag":[],"class_list":{"0":"post-15640","1":"product","2":"type-product","3":"status-publish","4":"has-post-thumbnail","6":"product_cat-soperas","7":"pa_brand-easylife","8":"pa_color-verde","9":"pa_tamano-20-cm","11":"first","12":"instock","13":"taxable","14":"shipping-taxable","15":"purchasable","16":"product-type-simple"},"_links":{"self":[{"href":"https:\/\/elalmacendeloza.com\/en\/wp-json\/wp\/v2\/product\/15640","targetHints":{"allow":["GET"]}}],"collection":[{"href":"https:\/\/elalmacendeloza.com\/en\/wp-json\/wp\/v2\/product"}],"about":[{"href":"https:\/\/elalmacendeloza.com\/en\/wp-json\/wp\/v2\/types\/product"}],"replies":[{"embeddable":true,"href":"https:\/\/elalmacendeloza.com\/en\/wp-json\/wp\/v2\/comments?post=15640"}],"wp:featuredmedia":[{"embeddable":true,"href":"https:\/\/elalmacendeloza.com\/en\/wp-json\/wp\/v2\/media\/15641"}],"wp:attachment":[{"href":"https:\/\/elalmacendeloza.com\/en\/wp-json\/wp\/v2\/media?parent=15640"}],"wp:term":[{"taxonomy":"product_brand","embeddable":true,"href":"https:\/\/elalmacendeloza.com\/en\/wp-json\/wp\/v2\/product_brand?post=15640"},{"taxonomy":"product_cat","embeddable":true,"href":"https:\/\/elalmacendeloza.com\/en\/wp-json\/wp\/v2\/product_cat?post=15640"},{"taxonomy":"product_tag","embeddable":true,"href":"https:\/\/elalmacendeloza.com\/en\/wp-json\/wp\/v2\/product_tag?post=15640"}],"curies":[{"name":"wp","href":"https:\/\/api.w.org\/{rel}","templated":true}]}}