{"id":15672,"date":"2024-10-24T16:40:26","date_gmt":"2024-10-24T16:40:26","guid":{"rendered":"https:\/\/elalmacendeloza.com\/sin%20categor\u00eda\/green-ensaladeras\/"},"modified":"2026-03-12T13:07:02","modified_gmt":"2026-03-12T12:07:02","slug":"green-ensaladeras","status":"publish","type":"product","link":"https:\/\/elalmacendeloza.com\/en\/tableware\/platters-and-salad-bowls\/green-ensaladeras\/","title":{"rendered":"Green- Ensaladeras"},"content":{"rendered":"<div class=\"container-description\">\n<div class=\"description\">\n<h3 class=\"title-description\">  Green Ensaladera <\/h3>\n<p>Perfectas para presentar tus ensaladas y platos con estilo. Su dise\u00f1o moderno y color vibrante las convierten en un elemento imprescindible para cualquier ocasi\u00f3n, combinando funcionalidad y elegancia en tu mesa.<\/p>\n<h3 class=\"title-description\"> Caracter\u00edsticas:  <\/h3>\n<p> Medida: 26 cm y 20cm  <\/p>\n<p>Material: Porcelana<\/p>\n<\/p><\/div>\n<div class=\"square\">\n<h3 class=\"title-description\">Cuidados<\/h3>\n<ul class=\"ul-square\">\n<li class=\"li-square\"> Apto para lavaplatos <\/li>\n<li class=\"li-square\">  Apto para microondas.<\/li>\n<\/ul><\/div>\n<\/div>\n","protected":false},"excerpt":{"rendered":"<p>Ensaladeras colecci\u00f3n Green est\u00e1n disponibles en dos tama\u00f1os (26 cm, y 20 cm), perfectas para presentar tus ensaladas y platos con estilo. Su dise\u00f1o moderno y color vibrante las convierten en un elemento imprescindible para cualquier ocasi\u00f3n, combinando funcionalidad y elegancia en tu mesa.<\/p>\n<p><\/p>\n","protected":false},"featured_media":15673,"comment_status":"open","ping_status":"closed","template":"","meta":[],"product_brand":[],"product_cat":[132],"product_tag":[],"class_list":{"0":"post-15672","1":"product","2":"type-product","3":"status-publish","4":"has-post-thumbnail","6":"product_cat-fuentes-y-ensaladeras","7":"pa_color-verde","8":"pa_tamano-20-cm","9":"pa_tamano-26-cm","11":"first","12":"instock","13":"taxable","14":"shipping-taxable","15":"purchasable","16":"product-type-variable"},"_links":{"self":[{"href":"https:\/\/elalmacendeloza.com\/en\/wp-json\/wp\/v2\/product\/15672","targetHints":{"allow":["GET"]}}],"collection":[{"href":"https:\/\/elalmacendeloza.com\/en\/wp-json\/wp\/v2\/product"}],"about":[{"href":"https:\/\/elalmacendeloza.com\/en\/wp-json\/wp\/v2\/types\/product"}],"replies":[{"embeddable":true,"href":"https:\/\/elalmacendeloza.com\/en\/wp-json\/wp\/v2\/comments?post=15672"}],"wp:featuredmedia":[{"embeddable":true,"href":"https:\/\/elalmacendeloza.com\/en\/wp-json\/wp\/v2\/media\/15673"}],"wp:attachment":[{"href":"https:\/\/elalmacendeloza.com\/en\/wp-json\/wp\/v2\/media?parent=15672"}],"wp:term":[{"taxonomy":"product_brand","embeddable":true,"href":"https:\/\/elalmacendeloza.com\/en\/wp-json\/wp\/v2\/product_brand?post=15672"},{"taxonomy":"product_cat","embeddable":true,"href":"https:\/\/elalmacendeloza.com\/en\/wp-json\/wp\/v2\/product_cat?post=15672"},{"taxonomy":"product_tag","embeddable":true,"href":"https:\/\/elalmacendeloza.com\/en\/wp-json\/wp\/v2\/product_tag?post=15672"}],"curies":[{"name":"wp","href":"https:\/\/api.w.org\/{rel}","templated":true}]}}