{"id":15679,"date":"2024-10-25T08:18:06","date_gmt":"2024-10-25T08:18:06","guid":{"rendered":"https:\/\/elalmacendeloza.com\/sin%20categor\u00eda\/constance-plato-sopa\/"},"modified":"2025-12-23T12:23:12","modified_gmt":"2025-12-23T11:23:12","slug":"constance-plato-sopa","status":"publish","type":"product","link":"https:\/\/elalmacendeloza.com\/en\/los-mas-deseados\/constance-plato-sopa\/","title":{"rendered":"Constance-  Plato sopa"},"content":{"rendered":"<div class=\"container-description\">\n<div class=\"description\">\n<h3 class=\"title-description\"> Plato sopa  <\/h3>\n<p>La colecci\u00f3n Constance es nuestra vajilla m\u00e1s b\u00e1sica, tiene un toque r\u00fastico que la hace m\u00e1s acogedora para cualquier ocasi\u00f3n. <\/p>\n<p>Material: Loza<\/p>\n<p>Medidas: 19 cm <\/p>\n<\/p><\/div>\n<div class=\"square\">\n<h3 class=\"title-description\">Cuidados<\/h3>\n<ul class=\"ul-square\">\n<li class=\"li-square\">Apto para lavaplatos<\/li>\n<li class=\"li-square\"> Apto para microondas<\/li>\n<\/ul><\/div>\n<\/div>\n","protected":false},"excerpt":{"rendered":"<p>\u00d819cm<\/p>\n","protected":false},"featured_media":15680,"comment_status":"open","ping_status":"closed","template":"","meta":[],"product_brand":[],"product_cat":[1473,128],"product_tag":[],"class_list":{"0":"post-15679","1":"product","2":"type-product","3":"status-publish","4":"has-post-thumbnail","6":"product_cat-los-mas-deseados","7":"product_cat-soperas","8":"pa_color-aguamarina-verde","9":"pa_color-blanco","10":"pa_color-ivoire","11":"pa_color-verde","12":"pa_tamano-19cm","14":"first","15":"instock","16":"taxable","17":"shipping-taxable","18":"purchasable","19":"product-type-variable"},"_links":{"self":[{"href":"https:\/\/elalmacendeloza.com\/en\/wp-json\/wp\/v2\/product\/15679","targetHints":{"allow":["GET"]}}],"collection":[{"href":"https:\/\/elalmacendeloza.com\/en\/wp-json\/wp\/v2\/product"}],"about":[{"href":"https:\/\/elalmacendeloza.com\/en\/wp-json\/wp\/v2\/types\/product"}],"replies":[{"embeddable":true,"href":"https:\/\/elalmacendeloza.com\/en\/wp-json\/wp\/v2\/comments?post=15679"}],"wp:featuredmedia":[{"embeddable":true,"href":"https:\/\/elalmacendeloza.com\/en\/wp-json\/wp\/v2\/media\/15680"}],"wp:attachment":[{"href":"https:\/\/elalmacendeloza.com\/en\/wp-json\/wp\/v2\/media?parent=15679"}],"wp:term":[{"taxonomy":"product_brand","embeddable":true,"href":"https:\/\/elalmacendeloza.com\/en\/wp-json\/wp\/v2\/product_brand?post=15679"},{"taxonomy":"product_cat","embeddable":true,"href":"https:\/\/elalmacendeloza.com\/en\/wp-json\/wp\/v2\/product_cat?post=15679"},{"taxonomy":"product_tag","embeddable":true,"href":"https:\/\/elalmacendeloza.com\/en\/wp-json\/wp\/v2\/product_tag?post=15679"}],"curies":[{"name":"wp","href":"https:\/\/api.w.org\/{rel}","templated":true}]}}