{"id":15691,"date":"2024-10-25T08:18:34","date_gmt":"2024-10-25T08:18:34","guid":{"rendered":"https:\/\/elalmacendeloza.com\/sin%20categor\u00eda\/constance-plato-postre\/"},"modified":"2025-12-31T11:29:31","modified_gmt":"2025-12-31T10:29:31","slug":"constance-plato-postre","status":"publish","type":"product","link":"https:\/\/elalmacendeloza.com\/en\/los-mas-deseados\/constance-plato-postre\/","title":{"rendered":"Constance- Plato postre"},"content":{"rendered":"<div class=\"container-description\">\n<div class=\"description\">\n<h3 class=\"title-description\"> Constance &#8211; Plato postre<\/h3>\n<p>La colecci\u00f3n Constance es nuestra vajilla m\u00e1s b\u00e1sica, tiene un toque r\u00fastico que la hace m\u00e1s acogedora para cualquier ocasi\u00f3n. Disponible en varios colores.<\/p>\n<p>Material: Loza<\/p>\n<p>Medidas: 23.5 cm <\/p>\n<\/p><\/div>\n<div class=\"square\">\n<h3 class=\"title-description\">Cuidados<\/h3>\n<ul class=\"ul-square\">\n<li class=\"li-square\">Apto para lavaplatos<\/li>\n<li class=\"li-square\"> Apto para microondas<\/li>\n<\/ul><\/div>\n<\/div>\n","protected":false},"excerpt":{"rendered":"<p>\u00d8 23.5 cm<\/p>\n","protected":false},"featured_media":19272,"comment_status":"open","ping_status":"closed","template":"","meta":[],"product_brand":[],"product_cat":[1473,680,133],"product_tag":[],"class_list":{"0":"post-15691","1":"product","2":"type-product","3":"status-publish","4":"has-post-thumbnail","6":"product_cat-los-mas-deseados","7":"product_cat-plato-desayuno-merienda","8":"product_cat-plato-postre","9":"pa_color-aguamarina-verde","10":"pa_color-blanco","11":"pa_color-ivoire","12":"pa_color-verde","13":"pa_tamano-23cm","15":"first","16":"instock","17":"taxable","18":"shipping-taxable","19":"purchasable","20":"product-type-variable"},"_links":{"self":[{"href":"https:\/\/elalmacendeloza.com\/en\/wp-json\/wp\/v2\/product\/15691","targetHints":{"allow":["GET"]}}],"collection":[{"href":"https:\/\/elalmacendeloza.com\/en\/wp-json\/wp\/v2\/product"}],"about":[{"href":"https:\/\/elalmacendeloza.com\/en\/wp-json\/wp\/v2\/types\/product"}],"replies":[{"embeddable":true,"href":"https:\/\/elalmacendeloza.com\/en\/wp-json\/wp\/v2\/comments?post=15691"}],"wp:featuredmedia":[{"embeddable":true,"href":"https:\/\/elalmacendeloza.com\/en\/wp-json\/wp\/v2\/media\/19272"}],"wp:attachment":[{"href":"https:\/\/elalmacendeloza.com\/en\/wp-json\/wp\/v2\/media?parent=15691"}],"wp:term":[{"taxonomy":"product_brand","embeddable":true,"href":"https:\/\/elalmacendeloza.com\/en\/wp-json\/wp\/v2\/product_brand?post=15691"},{"taxonomy":"product_cat","embeddable":true,"href":"https:\/\/elalmacendeloza.com\/en\/wp-json\/wp\/v2\/product_cat?post=15691"},{"taxonomy":"product_tag","embeddable":true,"href":"https:\/\/elalmacendeloza.com\/en\/wp-json\/wp\/v2\/product_tag?post=15691"}],"curies":[{"name":"wp","href":"https:\/\/api.w.org\/{rel}","templated":true}]}}