{"id":15715,"date":"2024-10-25T10:21:27","date_gmt":"2024-10-25T08:21:27","guid":{"rendered":"https:\/\/elalmacendeloza.com\/sin%20categor\u00eda\/constance-plato-pasta\/"},"modified":"2026-02-18T10:58:09","modified_gmt":"2026-02-18T09:58:09","slug":"constance-plato-pasta","status":"publish","type":"product","link":"https:\/\/elalmacendeloza.com\/en\/tableware\/flat-plate\/constance-plato-pasta\/","title":{"rendered":"Constance- Plato pasta"},"content":{"rendered":"<div class=\"container-description\">\n<div class=\"description\">\n<h3 class=\"title-description\"> Constance-  Plato pasta <\/h3>\n<p> La colecci\u00f3n Constance es un b\u00e1sico con un toque r\u00fastico que hace de ella la vajilla perfecta de diario. El plato pasta esta pensado tanto para las pastas como para las ensaladas. <\/p>\n<p> Medida: \u00d8 27cm<\/p>\n<p>Material: Loza<\/p>\n<\/p><\/div>\n<div class=\"square\">\n<h3 class=\"title-description\">Cuidados<\/h3>\n<ul class=\"ul-square\">\n<li class=\"li-square\">Apto para lavaplatos<\/li>\n<li class=\"li-square\">Apto para microondas<\/li>\n<li class=\"li-square\">Apto para horno<\/li>\n<\/ul><\/div>\n<\/div>\n","protected":false},"excerpt":{"rendered":"<p>\u00d8  27cm<\/p>\n","protected":false},"featured_media":15716,"comment_status":"open","ping_status":"closed","template":"","meta":[],"product_brand":[],"product_cat":[134],"product_tag":[],"class_list":{"0":"post-15715","1":"product","2":"type-product","3":"status-publish","4":"has-post-thumbnail","6":"product_cat-plato-llano","7":"pa_brand-cote-table","8":"pa_color-aguamarina-verde","9":"pa_color-blanco","10":"pa_tamano-27cm","12":"first","13":"instock","14":"taxable","15":"shipping-taxable","16":"purchasable","17":"product-type-variable"},"_links":{"self":[{"href":"https:\/\/elalmacendeloza.com\/en\/wp-json\/wp\/v2\/product\/15715","targetHints":{"allow":["GET"]}}],"collection":[{"href":"https:\/\/elalmacendeloza.com\/en\/wp-json\/wp\/v2\/product"}],"about":[{"href":"https:\/\/elalmacendeloza.com\/en\/wp-json\/wp\/v2\/types\/product"}],"replies":[{"embeddable":true,"href":"https:\/\/elalmacendeloza.com\/en\/wp-json\/wp\/v2\/comments?post=15715"}],"wp:featuredmedia":[{"embeddable":true,"href":"https:\/\/elalmacendeloza.com\/en\/wp-json\/wp\/v2\/media\/15716"}],"wp:attachment":[{"href":"https:\/\/elalmacendeloza.com\/en\/wp-json\/wp\/v2\/media?parent=15715"}],"wp:term":[{"taxonomy":"product_brand","embeddable":true,"href":"https:\/\/elalmacendeloza.com\/en\/wp-json\/wp\/v2\/product_brand?post=15715"},{"taxonomy":"product_cat","embeddable":true,"href":"https:\/\/elalmacendeloza.com\/en\/wp-json\/wp\/v2\/product_cat?post=15715"},{"taxonomy":"product_tag","embeddable":true,"href":"https:\/\/elalmacendeloza.com\/en\/wp-json\/wp\/v2\/product_tag?post=15715"}],"curies":[{"name":"wp","href":"https:\/\/api.w.org\/{rel}","templated":true}]}}