{"id":15840,"date":"2024-10-29T12:10:13","date_gmt":"2024-10-29T11:10:13","guid":{"rendered":"https:\/\/elalmacendeloza.com\/sin%20categor\u00eda\/porta-servilletas-ratan-cuadrado\/"},"modified":"2026-03-19T17:42:27","modified_gmt":"2026-03-19T16:42:27","slug":"porta-servilletas-ratan-cuadrado","status":"publish","type":"product","link":"https:\/\/elalmacendeloza.com\/en\/coleccion-ratan\/porta-servilletas-ratan-cuadrado\/","title":{"rendered":"Porta servilletas rat\u00e1n cuadrado"},"content":{"rendered":"<div class=\"container-description\">\n<div class=\"description\">\n<h3 class=\"title-description\">Porta servilletas de rat\u00e1n cuadrado <\/h3>\n<p> Realizado en rat\u00e1n color marr\u00f3n con un dise\u00f1o que aporta naturalidad y frescura a tus aperitivos o comidas.Adem\u00e1s te permite almacenar las servilletas de papel de una forma elegante .<\/p>\n<p> Medida:20 x 20&#215;7 cm   <\/p>\n<p>Material:Rat\u00e1n<\/p>\n<\/p><\/div>\n<div class=\"square\">\n<h3 class=\"title-description\">Cuidados<\/h3>\n<ul class=\"ul-square\">\n<li class=\"li-square\"> No son necesarios.<\/li><\/div>\n<\/div>\n","protected":false},"excerpt":{"rendered":"<p>20X20X7cm\u00a0<\/p>\n","protected":false},"featured_media":15841,"comment_status":"open","ping_status":"closed","template":"","meta":[],"product_brand":[],"product_cat":[1793,80],"product_tag":[],"class_list":{"0":"post-15840","1":"product","2":"type-product","3":"status-publish","4":"has-post-thumbnail","6":"product_cat-coleccion-ratan","7":"product_cat-porta-servilletas","8":"pa_brand-andrea-house","9":"pa_color-marron","10":"pa_tamano-20x20cm","12":"first","13":"outofstock","14":"taxable","15":"shipping-taxable","16":"purchasable","17":"product-type-simple"},"_links":{"self":[{"href":"https:\/\/elalmacendeloza.com\/en\/wp-json\/wp\/v2\/product\/15840","targetHints":{"allow":["GET"]}}],"collection":[{"href":"https:\/\/elalmacendeloza.com\/en\/wp-json\/wp\/v2\/product"}],"about":[{"href":"https:\/\/elalmacendeloza.com\/en\/wp-json\/wp\/v2\/types\/product"}],"replies":[{"embeddable":true,"href":"https:\/\/elalmacendeloza.com\/en\/wp-json\/wp\/v2\/comments?post=15840"}],"wp:featuredmedia":[{"embeddable":true,"href":"https:\/\/elalmacendeloza.com\/en\/wp-json\/wp\/v2\/media\/15841"}],"wp:attachment":[{"href":"https:\/\/elalmacendeloza.com\/en\/wp-json\/wp\/v2\/media?parent=15840"}],"wp:term":[{"taxonomy":"product_brand","embeddable":true,"href":"https:\/\/elalmacendeloza.com\/en\/wp-json\/wp\/v2\/product_brand?post=15840"},{"taxonomy":"product_cat","embeddable":true,"href":"https:\/\/elalmacendeloza.com\/en\/wp-json\/wp\/v2\/product_cat?post=15840"},{"taxonomy":"product_tag","embeddable":true,"href":"https:\/\/elalmacendeloza.com\/en\/wp-json\/wp\/v2\/product_tag?post=15840"}],"curies":[{"name":"wp","href":"https:\/\/api.w.org\/{rel}","templated":true}]}}