{"id":15916,"date":"2024-11-19T12:39:23","date_gmt":"2024-11-19T12:39:23","guid":{"rendered":"https:\/\/elalmacendeloza.com\/sin%20categor\u00eda\/petrus-cenicero-de-agua\/"},"modified":"2026-04-13T01:06:56","modified_gmt":"2026-04-12T23:06:56","slug":"petrus-cenicero-de-agua","status":"publish","type":"product","link":"https:\/\/elalmacendeloza.com\/en\/table-accessories\/ashtrays\/petrus-cenicero-de-agua\/","title":{"rendered":"Petrus &#8211; cenicero de agua"},"content":{"rendered":"<div class=\"container-description\">\n<div class=\"description\">\n<h3 class=\"title-description\"> Petrus- Cenicero de agua <\/h3>\n<p> Cenicero hecho y pintado a mano en nuestros talleres de Portugal. Introduce un poco de agua en el interior del cenicero y as\u00ed evitaras los olores de tabaco al apagarse. Aunque no seas fumador este tipo de ceniceros pueden ser tambi\u00e9n un elemento decorativo para cualquier terraza o jard\u00edn .<\/p>\n<p> Medidas: \u00d810x8cm<\/p>\n<p>Material: Loza<\/p>\n<\/p><\/div>\n<div class=\"square\">\n<h3 class=\"title-description\">Cuidados<\/h3>\n<ul class=\"ul-square\">\n<li class=\"li-square\"> Apto para el lavaplatos.<\/li>\n<\/ul><\/div>\n<\/div>\n","protected":false},"excerpt":{"rendered":"<p>\u00d810x8cm &#8211; Hecho artesanalmente<\/p>\n","protected":false},"featured_media":15917,"comment_status":"open","ping_status":"closed","template":"","meta":[],"product_brand":[],"product_cat":[78],"product_tag":[],"class_list":{"0":"post-15916","1":"product","2":"type-product","3":"status-publish","4":"has-post-thumbnail","6":"product_cat-ceniceros","7":"pa_color-verde","8":"pa_tamano-unico","10":"first","11":"instock","12":"taxable","13":"shipping-taxable","14":"purchasable","15":"product-type-simple"},"_links":{"self":[{"href":"https:\/\/elalmacendeloza.com\/en\/wp-json\/wp\/v2\/product\/15916","targetHints":{"allow":["GET"]}}],"collection":[{"href":"https:\/\/elalmacendeloza.com\/en\/wp-json\/wp\/v2\/product"}],"about":[{"href":"https:\/\/elalmacendeloza.com\/en\/wp-json\/wp\/v2\/types\/product"}],"replies":[{"embeddable":true,"href":"https:\/\/elalmacendeloza.com\/en\/wp-json\/wp\/v2\/comments?post=15916"}],"wp:featuredmedia":[{"embeddable":true,"href":"https:\/\/elalmacendeloza.com\/en\/wp-json\/wp\/v2\/media\/15917"}],"wp:attachment":[{"href":"https:\/\/elalmacendeloza.com\/en\/wp-json\/wp\/v2\/media?parent=15916"}],"wp:term":[{"taxonomy":"product_brand","embeddable":true,"href":"https:\/\/elalmacendeloza.com\/en\/wp-json\/wp\/v2\/product_brand?post=15916"},{"taxonomy":"product_cat","embeddable":true,"href":"https:\/\/elalmacendeloza.com\/en\/wp-json\/wp\/v2\/product_cat?post=15916"},{"taxonomy":"product_tag","embeddable":true,"href":"https:\/\/elalmacendeloza.com\/en\/wp-json\/wp\/v2\/product_tag?post=15916"}],"curies":[{"name":"wp","href":"https:\/\/api.w.org\/{rel}","templated":true}]}}