{"id":15998,"date":"2024-11-19T19:59:05","date_gmt":"2024-11-19T18:59:05","guid":{"rendered":"https:\/\/elalmacendeloza.com\/sin%20categor\u00eda\/ratan-termo\/"},"modified":"2026-02-16T16:56:04","modified_gmt":"2026-02-16T15:56:04","slug":"ratan-termo","status":"publish","type":"product","link":"https:\/\/elalmacendeloza.com\/en\/coleccion-ratan\/ratan-termo\/","title":{"rendered":"Rat\u00e1n Termo"},"content":{"rendered":"<div class=\"container-description\">\n<div class=\"description\">\n<h3 class=\"title-description\"> Termos de rat\u00e1n   <\/h3>\n<p>&#8220;Termo de rat\u00e1n disponible en tres tama\u00f1os perfectos para cada ocasi\u00f3n: 1.5 L,  1 L, y 0.7 L,  Fabricado con materiales duraderos y un recubrimiento de rat\u00e1n que a\u00f1ade un toque natural y sofisticado. Dise\u00f1ado para mantener tus bebidas a la temperatura ideal, tanto calientes como fr\u00edas, con estilo y comodidad. <\/p>\n<h3 class=\"title-description\"> Caracter\u00edsticas:  <\/h3>\n<p> Medida: 1,5L, 1L y 700ml <\/p>\n<p>Material: Rat\u00e1n\/ termo <\/p>\n<\/p><\/div>\n<div class=\"square\">\n<h3 class=\"title-description\">Cuidados<\/h3>\n<ul class=\"ul-square\">\n<li class=\"li-square\"> Se recomienda lavar a mano.<\/li>\n<\/ul><\/div>\n<\/div>\n","protected":false},"excerpt":{"rendered":"<p>Termo de rat\u00e1n en tres tama\u00f1os, ideal para mantener tus bebidas calientes o fr\u00edas con un estilo natural y elegante<\/p>\n<p><\/p>\n<p><\/p>\n<p><\/p>\n","protected":false},"featured_media":15999,"comment_status":"open","ping_status":"closed","template":"","meta":[],"product_brand":[],"product_cat":[1793,518],"product_tag":[],"class_list":{"0":"post-15998","1":"product","2":"type-product","3":"status-publish","4":"has-post-thumbnail","6":"product_cat-coleccion-ratan","7":"product_cat-teteras-y-cafeteras","8":"pa_brand-ishela","9":"pa_color-marron","10":"pa_tamano-07l","11":"pa_tamano-1l","13":"first","14":"instock","15":"taxable","16":"shipping-taxable","17":"purchasable","18":"product-type-variable"},"_links":{"self":[{"href":"https:\/\/elalmacendeloza.com\/en\/wp-json\/wp\/v2\/product\/15998","targetHints":{"allow":["GET"]}}],"collection":[{"href":"https:\/\/elalmacendeloza.com\/en\/wp-json\/wp\/v2\/product"}],"about":[{"href":"https:\/\/elalmacendeloza.com\/en\/wp-json\/wp\/v2\/types\/product"}],"replies":[{"embeddable":true,"href":"https:\/\/elalmacendeloza.com\/en\/wp-json\/wp\/v2\/comments?post=15998"}],"wp:featuredmedia":[{"embeddable":true,"href":"https:\/\/elalmacendeloza.com\/en\/wp-json\/wp\/v2\/media\/15999"}],"wp:attachment":[{"href":"https:\/\/elalmacendeloza.com\/en\/wp-json\/wp\/v2\/media?parent=15998"}],"wp:term":[{"taxonomy":"product_brand","embeddable":true,"href":"https:\/\/elalmacendeloza.com\/en\/wp-json\/wp\/v2\/product_brand?post=15998"},{"taxonomy":"product_cat","embeddable":true,"href":"https:\/\/elalmacendeloza.com\/en\/wp-json\/wp\/v2\/product_cat?post=15998"},{"taxonomy":"product_tag","embeddable":true,"href":"https:\/\/elalmacendeloza.com\/en\/wp-json\/wp\/v2\/product_tag?post=15998"}],"curies":[{"name":"wp","href":"https:\/\/api.w.org\/{rel}","templated":true}]}}