{"id":16416,"date":"2024-11-22T15:34:41","date_gmt":"2024-11-22T15:34:41","guid":{"rendered":"https:\/\/elalmacendeloza.com\/sin%20categor\u00eda\/pompadour-copa-de-champan-set-6\/"},"modified":"2026-03-23T15:39:09","modified_gmt":"2026-03-23T14:39:09","slug":"pompadour-copa-de-champan-set-6","status":"publish","type":"product","link":"https:\/\/elalmacendeloza.com\/en\/glassware\/cava-glass\/pompadour-copa-de-champan-set-6\/","title":{"rendered":"Pompadour- Copa de champ\u00e1n (Set 6)"},"content":{"rendered":"<h3> Pompadour -Copa de champ\u00e1n<\/h3>\n<p>Copa abierta tallada, sirve tanto para cocteles como para servir los espumosos. Existen 3 modelos diferentes de copas de champ\u00e1n, la m\u00e1s antigua es este modelo fue la reina de las fiestas en los a\u00f1os 30 hasta los 70, pero hoy vuelve a ser tendencia por su elegancia.<\/p>\n<p>Material: Cristal\/vidrio <\/p>\n<p>Medidas: D10cm x  Alt14cm <\/p>\n<h3>Cuidados<\/h3>\n<ul>\n<li>Apto para lavaplatos<\/li>\n<\/ul>\n","protected":false},"excerpt":{"rendered":"<p>240ml<\/p>\n","protected":false},"featured_media":16417,"comment_status":"open","ping_status":"closed","template":"","meta":[],"product_brand":[],"product_cat":[107],"product_tag":[],"class_list":{"0":"post-16416","1":"product","2":"type-product","3":"status-publish","4":"has-post-thumbnail","6":"product_cat-copa-cava","7":"pa_brand-riera","8":"pa_color-transparente","9":"pa_tamano-24cl","11":"first","12":"outofstock","13":"taxable","14":"shipping-taxable","15":"purchasable","16":"product-type-simple"},"_links":{"self":[{"href":"https:\/\/elalmacendeloza.com\/en\/wp-json\/wp\/v2\/product\/16416","targetHints":{"allow":["GET"]}}],"collection":[{"href":"https:\/\/elalmacendeloza.com\/en\/wp-json\/wp\/v2\/product"}],"about":[{"href":"https:\/\/elalmacendeloza.com\/en\/wp-json\/wp\/v2\/types\/product"}],"replies":[{"embeddable":true,"href":"https:\/\/elalmacendeloza.com\/en\/wp-json\/wp\/v2\/comments?post=16416"}],"wp:featuredmedia":[{"embeddable":true,"href":"https:\/\/elalmacendeloza.com\/en\/wp-json\/wp\/v2\/media\/16417"}],"wp:attachment":[{"href":"https:\/\/elalmacendeloza.com\/en\/wp-json\/wp\/v2\/media?parent=16416"}],"wp:term":[{"taxonomy":"product_brand","embeddable":true,"href":"https:\/\/elalmacendeloza.com\/en\/wp-json\/wp\/v2\/product_brand?post=16416"},{"taxonomy":"product_cat","embeddable":true,"href":"https:\/\/elalmacendeloza.com\/en\/wp-json\/wp\/v2\/product_cat?post=16416"},{"taxonomy":"product_tag","embeddable":true,"href":"https:\/\/elalmacendeloza.com\/en\/wp-json\/wp\/v2\/product_tag?post=16416"}],"curies":[{"name":"wp","href":"https:\/\/api.w.org\/{rel}","templated":true}]}}