{"id":16635,"date":"2024-12-05T09:37:59","date_gmt":"2024-12-05T08:37:59","guid":{"rendered":"https:\/\/elalmacendeloza.com\/sin%20categor\u00eda\/hoja-de-platano-pequena-by-claudia-schiffer\/"},"modified":"2026-01-12T18:14:44","modified_gmt":"2026-01-12T17:14:44","slug":"hoja-de-platano-pequena-by-claudia-schiffer","status":"publish","type":"product","link":"https:\/\/elalmacendeloza.com\/en\/tableware\/bordallo-pinheiro-collection\/hoja-de-platano-pequena-by-claudia-schiffer\/","title":{"rendered":"Hoja de Pl\u00e1tano Peque\u00f1a by Claudia Schiffer"},"content":{"rendered":"<div class=\"container-description\">\n<div class=\"description\">\n<h3 class=\"title-description\">  Hoja pl\u00e1tano peque\u00f1a  <\/h3>\n<p> las hojas de platano peque\u00f1as han sido dise\u00f1adas exclusivamente por Claudia Schiffer para Bordallo Pinheiro, es una obra de arte inspirada en la naturaleza oto\u00f1al. Con una forma que evoca delicadas hojas ca\u00eddas, esta pieza de loza se distingue por sus tonos rojizos y amarillos, capturando la esencia de la estaci\u00f3n con una elegancia atemporal. Perfecto tanto para decorar como para servir de aperitivos  combina funcionalidad y estilo, reflejando la colaboraci\u00f3n entre la c\u00e9lebre modelo y la ic\u00f3nica marca Bordallo Pinheiro, famosa por sus dise\u00f1os art\u00edsticos y llenos de vida <\/p>\n<h3 class=\"title-description\"> Caracter\u00edsticas:  <\/h3>\n<p> Medida: 21&#215;17,5&#215;4,8cm <\/p>\n<p>Material: Loza <\/p>\n<\/p><\/div>\n<div class=\"square\">\n<h3 class=\"title-description\">Cuidados<\/h3>\n<ul class=\"ul-square\">\n<li class=\"li-square\"> Se recomienda lava a mano<\/li>\n<li class=\"li-square\">  Producto muy fr\u00e1gil.<\/li>\n<\/ul><\/div>\n<\/div>\n","protected":false},"excerpt":{"rendered":"<p><span>\u00a0Bordallo Pinheiro\u00a0<\/span><\/p>\n<p><\/p>\n","protected":false},"featured_media":16636,"comment_status":"open","ping_status":"closed","template":"","meta":[],"product_brand":[],"product_cat":[694,135],"product_tag":[],"class_list":{"0":"post-16635","1":"product","2":"type-product","3":"status-publish","4":"has-post-thumbnail","6":"product_cat-coleccion-bordallo-pinheiro","7":"product_cat-cuencos","8":"pa_brand-bordallo-pinheiro","9":"pa_color-amarillo","10":"pa_color-granate","11":"pa_tamano-unico","13":"first","14":"instock","15":"taxable","16":"shipping-taxable","17":"purchasable","18":"product-type-variable"},"_links":{"self":[{"href":"https:\/\/elalmacendeloza.com\/en\/wp-json\/wp\/v2\/product\/16635","targetHints":{"allow":["GET"]}}],"collection":[{"href":"https:\/\/elalmacendeloza.com\/en\/wp-json\/wp\/v2\/product"}],"about":[{"href":"https:\/\/elalmacendeloza.com\/en\/wp-json\/wp\/v2\/types\/product"}],"replies":[{"embeddable":true,"href":"https:\/\/elalmacendeloza.com\/en\/wp-json\/wp\/v2\/comments?post=16635"}],"wp:featuredmedia":[{"embeddable":true,"href":"https:\/\/elalmacendeloza.com\/en\/wp-json\/wp\/v2\/media\/16636"}],"wp:attachment":[{"href":"https:\/\/elalmacendeloza.com\/en\/wp-json\/wp\/v2\/media?parent=16635"}],"wp:term":[{"taxonomy":"product_brand","embeddable":true,"href":"https:\/\/elalmacendeloza.com\/en\/wp-json\/wp\/v2\/product_brand?post=16635"},{"taxonomy":"product_cat","embeddable":true,"href":"https:\/\/elalmacendeloza.com\/en\/wp-json\/wp\/v2\/product_cat?post=16635"},{"taxonomy":"product_tag","embeddable":true,"href":"https:\/\/elalmacendeloza.com\/en\/wp-json\/wp\/v2\/product_tag?post=16635"}],"curies":[{"name":"wp","href":"https:\/\/api.w.org\/{rel}","templated":true}]}}