{"id":17107,"date":"2025-02-24T12:33:20","date_gmt":"2025-02-24T11:33:20","guid":{"rendered":"https:\/\/elalmacendeloza.com\/sin%20categor\u00eda\/flor-taza-cafe\/"},"modified":"2026-01-09T16:39:29","modified_gmt":"2026-01-09T15:39:29","slug":"flor-taza-cafe","status":"publish","type":"product","link":"https:\/\/elalmacendeloza.com\/en\/cups-and-breakfast\/cups\/flor-taza-cafe\/","title":{"rendered":"Flor Taza Caf\u00e9"},"content":{"rendered":"<div class=\"container-description\">\n<div class=\"description\">\n<h3 class=\"title-description\">  taza de caf\u00e9 flor  <\/h3>\n<p> Taza de caf\u00e9 con platito con forma de flor en color blanco. Un b\u00e1sico para el d\u00eda a d\u00eda, con un toque diferente. Descubre la colecci\u00f3n completa de la vajilla flor. <\/p>\n<h3 class=\"title-description\"> Caracter\u00edsticas:  <\/h3>\n<p> Medida: 110ml <\/p>\n<p>Material: Porcelana<\/p>\n<\/p><\/div>\n<div class=\"square\">\n<h3 class=\"title-description\">Cuidados<\/h3>\n<ul class=\"ul-square\">\n<li class=\"li-square\"> Apto para lavaplatos <\/li>\n<li class=\"li-square\"> Apto para microondas <\/li>\n<\/ul><\/div>\n<\/div>\n","protected":false},"excerpt":{"rendered":"<p>110ml\u00a0<\/p>\n","protected":false},"featured_media":17108,"comment_status":"open","ping_status":"closed","template":"","meta":[],"product_brand":[],"product_cat":[681],"product_tag":[],"class_list":{"0":"post-17107","1":"product","2":"type-product","3":"status-publish","4":"has-post-thumbnail","6":"product_cat-tazas","7":"pa_brand-easylife","8":"pa_color-blanco","9":"pa_tamano-120ml","11":"first","12":"instock","13":"taxable","14":"shipping-taxable","15":"purchasable","16":"product-type-simple"},"_links":{"self":[{"href":"https:\/\/elalmacendeloza.com\/en\/wp-json\/wp\/v2\/product\/17107","targetHints":{"allow":["GET"]}}],"collection":[{"href":"https:\/\/elalmacendeloza.com\/en\/wp-json\/wp\/v2\/product"}],"about":[{"href":"https:\/\/elalmacendeloza.com\/en\/wp-json\/wp\/v2\/types\/product"}],"replies":[{"embeddable":true,"href":"https:\/\/elalmacendeloza.com\/en\/wp-json\/wp\/v2\/comments?post=17107"}],"wp:featuredmedia":[{"embeddable":true,"href":"https:\/\/elalmacendeloza.com\/en\/wp-json\/wp\/v2\/media\/17108"}],"wp:attachment":[{"href":"https:\/\/elalmacendeloza.com\/en\/wp-json\/wp\/v2\/media?parent=17107"}],"wp:term":[{"taxonomy":"product_brand","embeddable":true,"href":"https:\/\/elalmacendeloza.com\/en\/wp-json\/wp\/v2\/product_brand?post=17107"},{"taxonomy":"product_cat","embeddable":true,"href":"https:\/\/elalmacendeloza.com\/en\/wp-json\/wp\/v2\/product_cat?post=17107"},{"taxonomy":"product_tag","embeddable":true,"href":"https:\/\/elalmacendeloza.com\/en\/wp-json\/wp\/v2\/product_tag?post=17107"}],"curies":[{"name":"wp","href":"https:\/\/api.w.org\/{rel}","templated":true}]}}