{"id":17112,"date":"2025-02-24T12:35:37","date_gmt":"2025-02-24T11:35:37","guid":{"rendered":"https:\/\/elalmacendeloza.com\/sin%20categor\u00eda\/flor-taza-desayuno\/"},"modified":"2026-01-09T17:00:27","modified_gmt":"2026-01-09T16:00:27","slug":"flor-taza-desayuno","status":"publish","type":"product","link":"https:\/\/elalmacendeloza.com\/en\/cups-and-breakfast\/cups\/flor-taza-desayuno\/","title":{"rendered":"Flor Taza Desayuno"},"content":{"rendered":"<div class=\"container-description\">\n<div class=\"description\">\n<h3 class=\"title-description\">  taza de desayuno flor  <\/h3>\n<p> Taza de desayuno con platito incluido. Tallado con  forma de flor en color blanco. Un b\u00e1sico para el d\u00eda a d\u00eda, con un toque diferente. Descubre la colecci\u00f3n completa de la vajilla flor. <\/p>\n<h3 class=\"title-description\"> Caracter\u00edsticas:  <\/h3>\n<p> Medida: 250ml <\/p>\n<p>Material: Porcelana<\/p>\n<\/p><\/div>\n<div class=\"square\">\n<h3 class=\"title-description\">Cuidados<\/h3>\n<ul class=\"ul-square\">\n<li class=\"li-square\"> Apto para lavaplatos <\/li>\n<li class=\"li-square\"> Apto para microondas <\/li>\n<\/ul><\/div>\n<\/div>\n","protected":false},"excerpt":{"rendered":"<p>250ml<\/p>\n","protected":false},"featured_media":17113,"comment_status":"open","ping_status":"closed","template":"","meta":[],"product_brand":[],"product_cat":[681],"product_tag":[],"class_list":{"0":"post-17112","1":"product","2":"type-product","3":"status-publish","4":"has-post-thumbnail","6":"product_cat-tazas","7":"pa_brand-easylife","8":"pa_color-blanco","9":"pa_tamano-250ml","11":"first","12":"instock","13":"taxable","14":"shipping-taxable","15":"purchasable","16":"product-type-simple"},"_links":{"self":[{"href":"https:\/\/elalmacendeloza.com\/en\/wp-json\/wp\/v2\/product\/17112","targetHints":{"allow":["GET"]}}],"collection":[{"href":"https:\/\/elalmacendeloza.com\/en\/wp-json\/wp\/v2\/product"}],"about":[{"href":"https:\/\/elalmacendeloza.com\/en\/wp-json\/wp\/v2\/types\/product"}],"replies":[{"embeddable":true,"href":"https:\/\/elalmacendeloza.com\/en\/wp-json\/wp\/v2\/comments?post=17112"}],"wp:featuredmedia":[{"embeddable":true,"href":"https:\/\/elalmacendeloza.com\/en\/wp-json\/wp\/v2\/media\/17113"}],"wp:attachment":[{"href":"https:\/\/elalmacendeloza.com\/en\/wp-json\/wp\/v2\/media?parent=17112"}],"wp:term":[{"taxonomy":"product_brand","embeddable":true,"href":"https:\/\/elalmacendeloza.com\/en\/wp-json\/wp\/v2\/product_brand?post=17112"},{"taxonomy":"product_cat","embeddable":true,"href":"https:\/\/elalmacendeloza.com\/en\/wp-json\/wp\/v2\/product_cat?post=17112"},{"taxonomy":"product_tag","embeddable":true,"href":"https:\/\/elalmacendeloza.com\/en\/wp-json\/wp\/v2\/product_tag?post=17112"}],"curies":[{"name":"wp","href":"https:\/\/api.w.org\/{rel}","templated":true}]}}