{"id":17183,"date":"2025-02-24T22:57:31","date_gmt":"2025-02-24T21:57:31","guid":{"rendered":"https:\/\/elalmacendeloza.com\/sin%20categor\u00eda\/buffet-wellington\/"},"modified":"2026-01-09T16:36:37","modified_gmt":"2026-01-09T15:36:37","slug":"buffet-wellington","status":"publish","type":"product","link":"https:\/\/elalmacendeloza.com\/en\/table-linen\/napkins\/paper\/buffet-wellington\/","title":{"rendered":"Buffet Wellington"},"content":{"rendered":"<div class=\"container-description\">\n<div class=\"description\">\n<h3 class=\"title-description\">Servilletas de papel de buffet <\/h3>\n<p> Servilletas de papel ideal para comidas o de toalla para cuando tienes invitados. Tienen mucha durabilidad dado a su triple capa de papel. Sus llamativos dise\u00f1os presentan obras de arte, dise\u00f1os de museos o colaboraciones de artistas de todo el mundo.<br \/>\nEst\u00e1n fabricadas con tejido blanqueado de tres capas sin cloro e impresas en Alemania con tinta no t\u00f3xica, a base de agua y apta para alimentos. Cuentan con la certificaci\u00f3n FSC y se fabrican con materias primas respetuosas con el medio ambiente, lo que garantiza que sean biodegradables y compostables. Incluyen 15 servilletas por paquete.\n<\/p>\n<p> Medida:10.8 x 19.7cm cerradas, 32.5 x39,4 cm abiertas  <\/p>\n<p>Material:Papel<\/p>\n<\/p><\/div>\n<div class=\"square\">\n<h3 class=\"title-description\">Cuidados<\/h3>\n<ul class=\"ul-square\">\n<li class=\"li-square\"> No son necesarios.<\/li><\/div>\n<\/div>\n","protected":false},"excerpt":{"rendered":"<p>\u00a015 unidades por paquete.\u00a0<\/p>\n","protected":false},"featured_media":17184,"comment_status":"open","ping_status":"closed","template":"","meta":[],"product_brand":[],"product_cat":[606],"product_tag":[],"class_list":{"0":"post-17183","1":"product","2":"type-product","3":"status-publish","4":"has-post-thumbnail","6":"product_cat-papel","7":"pa_brand-caspari","8":"pa_color-multicolor","9":"pa_tamano-buffet","11":"first","12":"outofstock","13":"taxable","14":"shipping-taxable","15":"purchasable","16":"product-type-simple"},"_links":{"self":[{"href":"https:\/\/elalmacendeloza.com\/en\/wp-json\/wp\/v2\/product\/17183","targetHints":{"allow":["GET"]}}],"collection":[{"href":"https:\/\/elalmacendeloza.com\/en\/wp-json\/wp\/v2\/product"}],"about":[{"href":"https:\/\/elalmacendeloza.com\/en\/wp-json\/wp\/v2\/types\/product"}],"replies":[{"embeddable":true,"href":"https:\/\/elalmacendeloza.com\/en\/wp-json\/wp\/v2\/comments?post=17183"}],"wp:featuredmedia":[{"embeddable":true,"href":"https:\/\/elalmacendeloza.com\/en\/wp-json\/wp\/v2\/media\/17184"}],"wp:attachment":[{"href":"https:\/\/elalmacendeloza.com\/en\/wp-json\/wp\/v2\/media?parent=17183"}],"wp:term":[{"taxonomy":"product_brand","embeddable":true,"href":"https:\/\/elalmacendeloza.com\/en\/wp-json\/wp\/v2\/product_brand?post=17183"},{"taxonomy":"product_cat","embeddable":true,"href":"https:\/\/elalmacendeloza.com\/en\/wp-json\/wp\/v2\/product_cat?post=17183"},{"taxonomy":"product_tag","embeddable":true,"href":"https:\/\/elalmacendeloza.com\/en\/wp-json\/wp\/v2\/product_tag?post=17183"}],"curies":[{"name":"wp","href":"https:\/\/api.w.org\/{rel}","templated":true}]}}