{"id":17286,"date":"2025-02-25T21:48:47","date_gmt":"2025-02-25T20:48:47","guid":{"rendered":"https:\/\/elalmacendeloza.com\/sin%20categor\u00eda\/ratan-porta-servilletas-con-ondas\/"},"modified":"2026-03-28T13:25:42","modified_gmt":"2026-03-28T12:25:42","slug":"ratan-porta-servilletas-con-ondas","status":"publish","type":"product","link":"https:\/\/elalmacendeloza.com\/en\/coleccion-ratan\/ratan-porta-servilletas-con-ondas\/","title":{"rendered":"Rat\u00e1n porta servilletas con ondas"},"content":{"rendered":"<div class=\"container-description\">\n<div class=\"description\">\n<h3 class=\"title-description\"> Rat\u00e1n Porta servilletas cuadrado con ondas<\/h3>\n<p>  Con la medida perfecta para nuestras servilletas de c\u00f3ctel y de lunch. Realizado en rat\u00e1n lacado con un dise\u00f1o que aporta elegancia. Est\u00e1 hecha a mano en Vietnam. Ideal para colocar las servilletas en el interior o el exterior . Disponible en dos medidas <\/p>\n<p> Medida: c\u00f3ctel: 15 x 15 x 5.6cm\/ Grande: 19x19x5.6cm <\/p>\n<p>Material: Rat\u00e1n lacado<\/p>\n<\/p><\/div>\n<div class=\"square\">\n<h3 class=\"title-description\">Cuidados<\/h3>\n<ul class=\"ul-square\">\n<li class=\"li-square\"> Limpiar con un pa\u00f1o h\u00famedo.<\/li><\/div>\n<\/div>\n","protected":false},"excerpt":{"rendered":"<p>\u00a0Disponible en dos tama\u00f1os para servilletas grandes y de c\u00f3ctel.\u00a0<\/p>\n","protected":false},"featured_media":17287,"comment_status":"open","ping_status":"closed","template":"","meta":[],"product_brand":[],"product_cat":[1793,80],"product_tag":[],"class_list":{"0":"post-17286","1":"product","2":"type-product","3":"status-publish","4":"has-post-thumbnail","6":"product_cat-coleccion-ratan","7":"product_cat-porta-servilletas","8":"pa_brand-caspari","9":"pa_color-marron","10":"pa_tamano-coctel","11":"pa_tamano-grande","13":"first","14":"outofstock","15":"taxable","16":"shipping-taxable","17":"product-type-variable"},"_links":{"self":[{"href":"https:\/\/elalmacendeloza.com\/en\/wp-json\/wp\/v2\/product\/17286","targetHints":{"allow":["GET"]}}],"collection":[{"href":"https:\/\/elalmacendeloza.com\/en\/wp-json\/wp\/v2\/product"}],"about":[{"href":"https:\/\/elalmacendeloza.com\/en\/wp-json\/wp\/v2\/types\/product"}],"replies":[{"embeddable":true,"href":"https:\/\/elalmacendeloza.com\/en\/wp-json\/wp\/v2\/comments?post=17286"}],"wp:featuredmedia":[{"embeddable":true,"href":"https:\/\/elalmacendeloza.com\/en\/wp-json\/wp\/v2\/media\/17287"}],"wp:attachment":[{"href":"https:\/\/elalmacendeloza.com\/en\/wp-json\/wp\/v2\/media?parent=17286"}],"wp:term":[{"taxonomy":"product_brand","embeddable":true,"href":"https:\/\/elalmacendeloza.com\/en\/wp-json\/wp\/v2\/product_brand?post=17286"},{"taxonomy":"product_cat","embeddable":true,"href":"https:\/\/elalmacendeloza.com\/en\/wp-json\/wp\/v2\/product_cat?post=17286"},{"taxonomy":"product_tag","embeddable":true,"href":"https:\/\/elalmacendeloza.com\/en\/wp-json\/wp\/v2\/product_tag?post=17286"}],"curies":[{"name":"wp","href":"https:\/\/api.w.org\/{rel}","templated":true}]}}