{"id":17490,"date":"2025-03-12T13:47:49","date_gmt":"2025-03-12T12:47:49","guid":{"rendered":"https:\/\/elalmacendeloza.com\/sin%20categor\u00eda\/retro-fuente-quiche\/"},"modified":"2026-01-09T17:12:00","modified_gmt":"2026-01-09T16:12:00","slug":"retro-fuente-quiche","status":"publish","type":"product","link":"https:\/\/elalmacendeloza.com\/en\/tableware\/platters-and-salad-bowls\/retro-fuente-quiche\/","title":{"rendered":"Retro fuente quiche"},"content":{"rendered":"<div class=\"container-description\">\n<div class=\"description\">\n<h3 class=\"title-description\">Fuente de quiche Retro <\/h3>\n<p> Esta preciosa fuente de gres para quiche con motivos estampados a mano es perfecta para una gran variedad de recetas,tanto saladas como dulces. Esta fuente garantiza deliciosos platos horneados y una presentaci\u00f3n elegante para tus invitados.La fuente para quiche combina a la perfecci\u00f3n con nuestros platos para tartaletas de estilo retro, que podr\u00e1 combinar de maravilla.<\/p>\n<h3 class=\"title-description\"> Caracter\u00edsticas:  <\/h3>\n<p> Medida: \u00d8 27cm<\/p>\n<p>Material: Gr\u00e9s <\/p>\n<\/p><\/div>\n<div class=\"square\">\n<h3 class=\"title-description\">Cuidados<\/h3>\n<ul class=\"ul-square\">\n<li class=\"li-square\"> Apto para lavaplatos <\/li>\n<li class=\"li-square\"> Apto para microondas <\/li>\n<li class=\"li-square\"> Apto para horno <\/li>\n<\/ul><\/div>\n<\/div>\n","protected":false},"excerpt":{"rendered":"<p>Hecho a mano.<\/p>\n<p>\u00d827x4cm<\/p>\n<\/p>\n<p><\/p>\n","protected":false},"featured_media":17596,"comment_status":"open","ping_status":"closed","template":"","meta":[],"product_brand":[],"product_cat":[132],"product_tag":[],"class_list":{"0":"post-17490","1":"product","2":"type-product","3":"status-publish","4":"has-post-thumbnail","6":"product_cat-fuentes-y-ensaladeras","7":"pa_brand-tranquilo","8":"pa_sa_tallas-azul","9":"pa_sa_tallas-verde","10":"pa_tamano-27cm","12":"first","13":"instock","14":"taxable","15":"shipping-taxable","16":"purchasable","17":"product-type-variable"},"_links":{"self":[{"href":"https:\/\/elalmacendeloza.com\/en\/wp-json\/wp\/v2\/product\/17490","targetHints":{"allow":["GET"]}}],"collection":[{"href":"https:\/\/elalmacendeloza.com\/en\/wp-json\/wp\/v2\/product"}],"about":[{"href":"https:\/\/elalmacendeloza.com\/en\/wp-json\/wp\/v2\/types\/product"}],"replies":[{"embeddable":true,"href":"https:\/\/elalmacendeloza.com\/en\/wp-json\/wp\/v2\/comments?post=17490"}],"wp:featuredmedia":[{"embeddable":true,"href":"https:\/\/elalmacendeloza.com\/en\/wp-json\/wp\/v2\/media\/17596"}],"wp:attachment":[{"href":"https:\/\/elalmacendeloza.com\/en\/wp-json\/wp\/v2\/media?parent=17490"}],"wp:term":[{"taxonomy":"product_brand","embeddable":true,"href":"https:\/\/elalmacendeloza.com\/en\/wp-json\/wp\/v2\/product_brand?post=17490"},{"taxonomy":"product_cat","embeddable":true,"href":"https:\/\/elalmacendeloza.com\/en\/wp-json\/wp\/v2\/product_cat?post=17490"},{"taxonomy":"product_tag","embeddable":true,"href":"https:\/\/elalmacendeloza.com\/en\/wp-json\/wp\/v2\/product_tag?post=17490"}],"curies":[{"name":"wp","href":"https:\/\/api.w.org\/{rel}","templated":true}]}}