{"id":17769,"date":"2025-03-26T17:00:09","date_gmt":"2025-03-26T16:00:09","guid":{"rendered":"https:\/\/elalmacendeloza.com\/sin%20categor\u00eda\/rayas-pano-de-cocina\/"},"modified":"2026-03-16T16:25:49","modified_gmt":"2026-03-16T15:25:49","slug":"rayas-pano-de-cocina","status":"publish","type":"product","link":"https:\/\/elalmacendeloza.com\/en\/sales\/rayas-pano-de-cocina\/","title":{"rendered":"Rayas pa\u00f1o de cocina"},"content":{"rendered":"<div class=\"container-description\">\n<div class=\"description\">\n<h3 class=\"title-description\"> Pa\u00f1os de cocina 50x70cm <\/h3>\n<p> Un imprescindible en cualquier cocina. Nuestro pa\u00f1o de cocina de 50&#215;70 cm est\u00e1 confeccionado en algod\u00f3n de alta calidad, lo que garantiza una gran absorci\u00f3n sin dejar pelusas. Perfecto para secar la vajilla, limpiar superficies o incluso ayudarte mientras cocinas.<br \/>\nDisponible en cuatro combinaciones cl\u00e1sicas de rayas: rojo y blanco, azul y blanco, gris y blanco, y marr\u00f3n y blanco, para que elijas el que mejor se adapte a tu estilo. Adem\u00e1s de pr\u00e1cticos y resistentes, tienen un precio inmejorable.<br \/>\n\u00a1Hazte con los tuyos y dale un toque funcional y bonito a tu cocina!.<\/p>\n<h3 class=\"title-description\"> Caracter\u00edsticas:  <\/h3>\n<p> Medida: 50x70cm <\/p>\n<p>Material: algod\u00f3n <\/p>\n<\/p><\/div>\n<div class=\"square\">\n<h3 class=\"title-description\">Cuidados<\/h3>\n<ul class=\"ul-square\">\n<li class=\"li-square\"> Apto lavadora<\/li>\n<\/ul><\/div>\n<\/div>\n","protected":false},"excerpt":{"rendered":"<p>50x70cm\u00a0<\/p>\n","protected":false},"featured_media":17770,"comment_status":"open","ping_status":"closed","template":"","meta":[],"product_brand":[],"product_cat":[124,575],"product_tag":[],"class_list":{"0":"post-17769","1":"product","2":"type-product","3":"status-publish","4":"has-post-thumbnail","6":"product_cat-pano-cocina","7":"product_cat-rebajas","8":"pa_brand-versa","9":"pa_color-azul","10":"pa_color-gris","11":"pa_color-marron","12":"pa_color-rojo","13":"pa_tamano-50x70cm","15":"first","16":"instock","17":"sale","18":"taxable","19":"shipping-taxable","20":"purchasable","21":"product-type-variable"},"_links":{"self":[{"href":"https:\/\/elalmacendeloza.com\/en\/wp-json\/wp\/v2\/product\/17769","targetHints":{"allow":["GET"]}}],"collection":[{"href":"https:\/\/elalmacendeloza.com\/en\/wp-json\/wp\/v2\/product"}],"about":[{"href":"https:\/\/elalmacendeloza.com\/en\/wp-json\/wp\/v2\/types\/product"}],"replies":[{"embeddable":true,"href":"https:\/\/elalmacendeloza.com\/en\/wp-json\/wp\/v2\/comments?post=17769"}],"wp:featuredmedia":[{"embeddable":true,"href":"https:\/\/elalmacendeloza.com\/en\/wp-json\/wp\/v2\/media\/17770"}],"wp:attachment":[{"href":"https:\/\/elalmacendeloza.com\/en\/wp-json\/wp\/v2\/media?parent=17769"}],"wp:term":[{"taxonomy":"product_brand","embeddable":true,"href":"https:\/\/elalmacendeloza.com\/en\/wp-json\/wp\/v2\/product_brand?post=17769"},{"taxonomy":"product_cat","embeddable":true,"href":"https:\/\/elalmacendeloza.com\/en\/wp-json\/wp\/v2\/product_cat?post=17769"},{"taxonomy":"product_tag","embeddable":true,"href":"https:\/\/elalmacendeloza.com\/en\/wp-json\/wp\/v2\/product_tag?post=17769"}],"curies":[{"name":"wp","href":"https:\/\/api.w.org\/{rel}","templated":true}]}}