{"id":17789,"date":"2025-03-27T16:47:06","date_gmt":"2025-03-27T15:47:06","guid":{"rendered":"https:\/\/elalmacendeloza.com\/sin%20categor\u00eda\/retro-fuente-horno-grande\/"},"modified":"2026-03-14T13:28:20","modified_gmt":"2026-03-14T12:28:20","slug":"retro-fuente-horno-grande","status":"publish","type":"product","link":"https:\/\/elalmacendeloza.com\/en\/tableware\/platters-and-salad-bowls\/retro-fuente-horno-grande\/","title":{"rendered":"Retro fuente horno grande"},"content":{"rendered":"<div class=\"container-description\">\n<div class=\"description\">\n<h3 class=\"title-description\">  Retro fuente horno grande  <\/h3>\n<p> Esta alegre y colorida fuente de horno ser\u00e1 la m\u00e1s usada para tus platos. Los estampados hechos a mano en vivos colores adornan la fuente y la convierten en el centro de atenci\u00f3n de su cocina.Gracias a su gran tama\u00f1o, esta fuente de horno es perfecta para una gran variedad de comidas, ya sea lasa\u00f1a , deliciosos gratinados o postres dulces. Le ofrece espacio suficiente para preparar grandes raciones para toda la familia o sus invitados. Con su bonito aspecto retro, puedes utilizar la fuente no s\u00f3lo para cocinar, sino tambi\u00e9n para servir directamente en la mesa. Sus invitados quedar\u00e1n encantados con la combinaci\u00f3n de funcionalidad y dise\u00f1o est\u00e9tico.<\/p>\n<h3 class=\"title-description\"> Caracter\u00edsticas:  <\/h3>\n<p> Medida: 45.5x28x6cm <\/p>\n<p>Material: Gr\u00e9s<\/p>\n<\/p><\/div>\n<div class=\"square\">\n<h3 class=\"title-description\">Cuidados<\/h3>\n<ul class=\"ul-square\">\n<li class=\"li-square\"> Apto para lavaplatos <\/li>\n<li class=\"li-square\"> Apto para microondas <\/li>\n<li class=\"li-square\"> Apto para horno<\/li>\n<\/ul><\/div>\n<\/div>\n","protected":false},"excerpt":{"rendered":"<p><span>\u00a0Hecho a mano\u00a0<\/span><\/p>\n<p><span>45.5x28x6cm<\/span><\/p>\n<p><\/p>\n","protected":false},"featured_media":17790,"comment_status":"open","ping_status":"closed","template":"","meta":[],"product_brand":[],"product_cat":[132],"product_tag":[],"class_list":{"0":"post-17789","1":"product","2":"type-product","3":"status-publish","4":"has-post-thumbnail","6":"product_cat-fuentes-y-ensaladeras","7":"pa_brand-tranquilo","8":"pa_color-verde","9":"pa_tamano-45cm","11":"first","12":"instock","13":"taxable","14":"shipping-taxable","15":"purchasable","16":"product-type-simple"},"_links":{"self":[{"href":"https:\/\/elalmacendeloza.com\/en\/wp-json\/wp\/v2\/product\/17789","targetHints":{"allow":["GET"]}}],"collection":[{"href":"https:\/\/elalmacendeloza.com\/en\/wp-json\/wp\/v2\/product"}],"about":[{"href":"https:\/\/elalmacendeloza.com\/en\/wp-json\/wp\/v2\/types\/product"}],"replies":[{"embeddable":true,"href":"https:\/\/elalmacendeloza.com\/en\/wp-json\/wp\/v2\/comments?post=17789"}],"wp:featuredmedia":[{"embeddable":true,"href":"https:\/\/elalmacendeloza.com\/en\/wp-json\/wp\/v2\/media\/17790"}],"wp:attachment":[{"href":"https:\/\/elalmacendeloza.com\/en\/wp-json\/wp\/v2\/media?parent=17789"}],"wp:term":[{"taxonomy":"product_brand","embeddable":true,"href":"https:\/\/elalmacendeloza.com\/en\/wp-json\/wp\/v2\/product_brand?post=17789"},{"taxonomy":"product_cat","embeddable":true,"href":"https:\/\/elalmacendeloza.com\/en\/wp-json\/wp\/v2\/product_cat?post=17789"},{"taxonomy":"product_tag","embeddable":true,"href":"https:\/\/elalmacendeloza.com\/en\/wp-json\/wp\/v2\/product_tag?post=17789"}],"curies":[{"name":"wp","href":"https:\/\/api.w.org\/{rel}","templated":true}]}}