{"id":17809,"date":"2025-03-28T11:37:51","date_gmt":"2025-03-28T10:37:51","guid":{"rendered":"https:\/\/elalmacendeloza.com\/sin%20categor\u00eda\/djembe-set-de-servir\/"},"modified":"2026-03-11T16:58:53","modified_gmt":"2026-03-11T15:58:53","slug":"djembe-set-de-servir","status":"publish","type":"product","link":"https:\/\/elalmacendeloza.com\/en\/cutlery\/serving-set\/djembe-set-de-servir\/","title":{"rendered":"Djembe- Set de servir"},"content":{"rendered":"<div class=\"container-description\">\n<div class=\"description\">\n<h3 class=\"title-description\"> Tortue- Set de servir <\/h3>\n<p>Colecci\u00f3n Tortue se compone de una forma de mango cl\u00e1sico, con un dise\u00f1o original pero elegante con su efecto caparaz\u00f3n de tortuga. Es la combinaci\u00f3n perfecta si quieres un toque de originalidad y sencillez en tu cuberter\u00eda de diario o para ocasiones especiales. <\/p>\n<p>Material:inox 18\/10 &#8211; Mango acr\u00edlico<\/p>\n<p>Medidas: 26 cm <\/p>\n<\/p><\/div>\n<div class=\"square\">\n<h3 class=\"title-description\">Cuidados<\/h3>\n<ul class=\"ul-square\">\n<li class=\"li-square\">Apto para lavaplatos temperatura m\u00e1xima 45\u00baC<\/li>\n<li class=\"li-square\"> No apto para microondas, ni horno<\/li>\n<li class=\"li-square\"> Sin bisfenol A<\/li>\n<\/ul><\/div>\n<\/div>\n","protected":false},"excerpt":{"rendered":"<p><b>Cuberter\u00eda POR ENCARGO\u00a0<br \/><\/b><b>Plazo de entrega:30-35 d\u00edas\u00a0<\/b><\/p>\n<p><\/p>\n","protected":false},"featured_media":17810,"comment_status":"open","ping_status":"closed","template":"","meta":[],"product_brand":[],"product_cat":[113],"product_tag":[],"class_list":{"0":"post-17809","1":"product","2":"type-product","3":"status-publish","4":"has-post-thumbnail","6":"product_cat-set-de-servir","7":"pa_brand-sabre","8":"pa_color-carey","9":"pa_tamano-unico","11":"first","12":"onbackorder","13":"taxable","14":"shipping-taxable","15":"purchasable","16":"product-type-simple"},"_links":{"self":[{"href":"https:\/\/elalmacendeloza.com\/en\/wp-json\/wp\/v2\/product\/17809","targetHints":{"allow":["GET"]}}],"collection":[{"href":"https:\/\/elalmacendeloza.com\/en\/wp-json\/wp\/v2\/product"}],"about":[{"href":"https:\/\/elalmacendeloza.com\/en\/wp-json\/wp\/v2\/types\/product"}],"replies":[{"embeddable":true,"href":"https:\/\/elalmacendeloza.com\/en\/wp-json\/wp\/v2\/comments?post=17809"}],"wp:featuredmedia":[{"embeddable":true,"href":"https:\/\/elalmacendeloza.com\/en\/wp-json\/wp\/v2\/media\/17810"}],"wp:attachment":[{"href":"https:\/\/elalmacendeloza.com\/en\/wp-json\/wp\/v2\/media?parent=17809"}],"wp:term":[{"taxonomy":"product_brand","embeddable":true,"href":"https:\/\/elalmacendeloza.com\/en\/wp-json\/wp\/v2\/product_brand?post=17809"},{"taxonomy":"product_cat","embeddable":true,"href":"https:\/\/elalmacendeloza.com\/en\/wp-json\/wp\/v2\/product_cat?post=17809"},{"taxonomy":"product_tag","embeddable":true,"href":"https:\/\/elalmacendeloza.com\/en\/wp-json\/wp\/v2\/product_tag?post=17809"}],"curies":[{"name":"wp","href":"https:\/\/api.w.org\/{rel}","templated":true}]}}