{"id":18720,"date":"2025-04-21T17:37:25","date_gmt":"2025-04-21T17:37:25","guid":{"rendered":"https:\/\/elalmacendeloza.com\/sin categor\u00eda\/basic-cazo-sopa\/"},"modified":"2025-04-21T17:37:36","modified_gmt":"2025-04-21T17:37:36","slug":"basic-cazo-sopa","status":"publish","type":"product","link":"https:\/\/elalmacendeloza.com\/en\/cutlery\/serving-set\/basic-cazo-sopa\/","title":{"rendered":"Basic- Cazo sopa"},"content":{"rendered":"<div class=\"container-description\">\n<div class=\"description\">\n<h3 class=\"title-description\"> Basic- Cazo sopa<\/h3>\n<p> La colecci\u00f3n Basic tiene el dise\u00f1o ideal para una cuberter\u00eda de diario. El color ivoire te permitir\u00e1 combinarlo con todas las vajillas. <\/p>\n<p>Material:inox 18\/10 &#8211; Mango acr\u00edlico<\/p>\n<p>Medidas: 27cm <\/p>\n<\/p><\/div>\n<div class=\"square\">\n<h3 class=\"title-description\">Cuidados<\/h3>\n<ul class=\"ul-square\">\n<li class=\"li-square\">Apto para lavaplatos temperatura m\u00e1xima 45\u00baC<\/li>\n<li class=\"li-square\"> No apto para microondas, ni horno<\/li>\n<li class=\"li-square\"> Sin bisfenol A<\/li>\n<\/ul><\/div>\n<\/div>\n","protected":false},"excerpt":{"rendered":"<p><b>Cuberter\u00eda POR ENCARGO\u00a0<br \/><\/b><b>Plazo de entrega:30-35 d\u00edas\u00a0<\/b><\/p>\n","protected":false},"featured_media":18721,"comment_status":"open","ping_status":"closed","template":"","meta":[],"product_brand":[],"product_cat":[113],"product_tag":[],"class_list":{"0":"post-18720","1":"product","2":"type-product","3":"status-publish","4":"has-post-thumbnail","6":"product_cat-set-de-servir","7":"pa_color-blanco","8":"pa_tamano-unico","10":"first","11":"onbackorder","12":"taxable","13":"shipping-taxable","14":"purchasable","15":"product-type-simple"},"_links":{"self":[{"href":"https:\/\/elalmacendeloza.com\/en\/wp-json\/wp\/v2\/product\/18720","targetHints":{"allow":["GET"]}}],"collection":[{"href":"https:\/\/elalmacendeloza.com\/en\/wp-json\/wp\/v2\/product"}],"about":[{"href":"https:\/\/elalmacendeloza.com\/en\/wp-json\/wp\/v2\/types\/product"}],"replies":[{"embeddable":true,"href":"https:\/\/elalmacendeloza.com\/en\/wp-json\/wp\/v2\/comments?post=18720"}],"wp:featuredmedia":[{"embeddable":true,"href":"https:\/\/elalmacendeloza.com\/en\/wp-json\/wp\/v2\/media\/18721"}],"wp:attachment":[{"href":"https:\/\/elalmacendeloza.com\/en\/wp-json\/wp\/v2\/media?parent=18720"}],"wp:term":[{"taxonomy":"product_brand","embeddable":true,"href":"https:\/\/elalmacendeloza.com\/en\/wp-json\/wp\/v2\/product_brand?post=18720"},{"taxonomy":"product_cat","embeddable":true,"href":"https:\/\/elalmacendeloza.com\/en\/wp-json\/wp\/v2\/product_cat?post=18720"},{"taxonomy":"product_tag","embeddable":true,"href":"https:\/\/elalmacendeloza.com\/en\/wp-json\/wp\/v2\/product_tag?post=18720"}],"curies":[{"name":"wp","href":"https:\/\/api.w.org\/{rel}","templated":true}]}}