{"id":18969,"date":"2025-04-29T15:12:54","date_gmt":"2025-04-29T13:12:54","guid":{"rendered":"https:\/\/elalmacendeloza.com\/sin%20categor\u00eda\/claire-ensaladera\/"},"modified":"2026-02-02T18:37:09","modified_gmt":"2026-02-02T17:37:09","slug":"claire-ensaladera-25cm","status":"publish","type":"product","link":"https:\/\/elalmacendeloza.com\/en\/tableware\/platters-and-salad-bowls\/claire-ensaladera-25cm\/","title":{"rendered":"Claire ensaladera 25cm"},"content":{"rendered":"<div class=\"container-description\">\n<div class=\"description\">\n<h3 class=\"title-description\"> Clair ensaladeras <\/h3>\n<p>Originales ensaladeras hechas a mano en china. Un dise\u00f1o entre r\u00fastico y moderno que dar\u00e1 un toque imaginativo a tus mesas y aperitivos. Descubre la colecci\u00f3n completa.<\/p>\n<h3 class=\"title-description\"> Caracter\u00edsticas:  <\/h3>\n<p> Medidas: \u00d814x4cm\/\u00d825&#215;8,5cm\/\u00d831,5&#215;10,5cm<\/p>\n<p>Material: cer\u00e1mica gr\u00e9s <\/p>\n<\/p><\/div>\n<div class=\"square\">\n<h3 class=\"title-description\">Cuidados<\/h3>\n<ul class=\"ul-square\">\n<li class=\"li-square\">Lavar a mano <\/li>\n<li class=\"li-square\"> No apto para el microondas,ni lavaplatos. <\/li>\n<\/ul><\/div>\n<\/div>\n","protected":false},"excerpt":{"rendered":"<p>\u00a0Tres tama\u00f1os disponibles:<br \/><span>\u00d814x4cm\/\u00d825&#215;8,5cm\/<span>\u00d831,5&#215;10,5cm<\/span><\/p>\n<p><\/span><\/p>\n<p><\/p>\n<p><\/p>\n<p><\/p>\n<p><\/p>\n","protected":false},"featured_media":18970,"comment_status":"open","ping_status":"closed","template":"","meta":[],"product_brand":[],"product_cat":[132],"product_tag":[],"class_list":{"0":"post-18969","1":"product","2":"type-product","3":"status-publish","4":"has-post-thumbnail","6":"product_cat-fuentes-y-ensaladeras","7":"pa_brand-olso-jessen","8":"pa_color-blanco","9":"pa_tamano-14cm","10":"pa_tamano-25cm","11":"pa_tamano-315cm","13":"first","14":"instock","15":"taxable","16":"shipping-taxable","17":"purchasable","18":"product-type-variable"},"_links":{"self":[{"href":"https:\/\/elalmacendeloza.com\/en\/wp-json\/wp\/v2\/product\/18969","targetHints":{"allow":["GET"]}}],"collection":[{"href":"https:\/\/elalmacendeloza.com\/en\/wp-json\/wp\/v2\/product"}],"about":[{"href":"https:\/\/elalmacendeloza.com\/en\/wp-json\/wp\/v2\/types\/product"}],"replies":[{"embeddable":true,"href":"https:\/\/elalmacendeloza.com\/en\/wp-json\/wp\/v2\/comments?post=18969"}],"wp:featuredmedia":[{"embeddable":true,"href":"https:\/\/elalmacendeloza.com\/en\/wp-json\/wp\/v2\/media\/18970"}],"wp:attachment":[{"href":"https:\/\/elalmacendeloza.com\/en\/wp-json\/wp\/v2\/media?parent=18969"}],"wp:term":[{"taxonomy":"product_brand","embeddable":true,"href":"https:\/\/elalmacendeloza.com\/en\/wp-json\/wp\/v2\/product_brand?post=18969"},{"taxonomy":"product_cat","embeddable":true,"href":"https:\/\/elalmacendeloza.com\/en\/wp-json\/wp\/v2\/product_cat?post=18969"},{"taxonomy":"product_tag","embeddable":true,"href":"https:\/\/elalmacendeloza.com\/en\/wp-json\/wp\/v2\/product_tag?post=18969"}],"curies":[{"name":"wp","href":"https:\/\/api.w.org\/{rel}","templated":true}]}}