{"id":19014,"date":"2025-05-07T12:56:02","date_gmt":"2025-05-07T10:56:02","guid":{"rendered":"https:\/\/elalmacendeloza.com\/sin%20categor\u00eda\/servilleta-ondulada-limon\/"},"modified":"2026-01-09T16:38:31","modified_gmt":"2026-01-09T15:38:31","slug":"servilleta-ondulada-limon","status":"publish","type":"product","link":"https:\/\/elalmacendeloza.com\/en\/table-linen\/napkins\/tela-en\/servilleta-ondulada-limon\/","title":{"rendered":"Servilleta ondulada Lim\u00f3n"},"content":{"rendered":"<div class=\"container-description\">\n<div class=\"description\">\n<h3 class=\"title-description\"> Servilleta Ondulada con tomate bordado <\/h3>\n<p> Elegante servilleta ondulada con lim\u00f3n bordado. El \u00e9xito de este verano para tus mesas m\u00e1s frescas. Sus colores son f\u00e1ciles de mezclar con cualquier mantel o individual. Hechas en Portugal.  <\/p>\n<h3 class=\"title-description\"> Caracter\u00edsticas:  <\/h3>\n<p> Medida: 45x45cm <\/p>\n<p>Material: Lino y Algod\u00f3n <\/p>\n<\/p><\/div>\n<div class=\"square\">\n<h3 class=\"title-description\">Cuidados<\/h3>\n<ul class=\"ul-square\">\n<li class=\"li-square\"> Lavar en agua fr\u00eda. <\/li>\n<li class=\"li-square\"> Secar al aire y planchar en temperatura baja. <\/li>\n<\/ul><\/div>\n<\/div>\n","protected":false},"excerpt":{"rendered":"<p>45X45cm\u00a0<\/p>\n","protected":false},"featured_media":19015,"comment_status":"open","ping_status":"closed","template":"","meta":[],"product_brand":[],"product_cat":[607],"product_tag":[],"class_list":{"0":"post-19014","1":"product","2":"type-product","3":"status-publish","4":"has-post-thumbnail","6":"product_cat-tela","7":"pa_brand-aida-home","8":"pa_color-verde-amarillo","9":"pa_tamano-45x45cm","11":"first","12":"instock","13":"taxable","14":"shipping-taxable","15":"purchasable","16":"product-type-simple"},"_links":{"self":[{"href":"https:\/\/elalmacendeloza.com\/en\/wp-json\/wp\/v2\/product\/19014","targetHints":{"allow":["GET"]}}],"collection":[{"href":"https:\/\/elalmacendeloza.com\/en\/wp-json\/wp\/v2\/product"}],"about":[{"href":"https:\/\/elalmacendeloza.com\/en\/wp-json\/wp\/v2\/types\/product"}],"replies":[{"embeddable":true,"href":"https:\/\/elalmacendeloza.com\/en\/wp-json\/wp\/v2\/comments?post=19014"}],"wp:featuredmedia":[{"embeddable":true,"href":"https:\/\/elalmacendeloza.com\/en\/wp-json\/wp\/v2\/media\/19015"}],"wp:attachment":[{"href":"https:\/\/elalmacendeloza.com\/en\/wp-json\/wp\/v2\/media?parent=19014"}],"wp:term":[{"taxonomy":"product_brand","embeddable":true,"href":"https:\/\/elalmacendeloza.com\/en\/wp-json\/wp\/v2\/product_brand?post=19014"},{"taxonomy":"product_cat","embeddable":true,"href":"https:\/\/elalmacendeloza.com\/en\/wp-json\/wp\/v2\/product_cat?post=19014"},{"taxonomy":"product_tag","embeddable":true,"href":"https:\/\/elalmacendeloza.com\/en\/wp-json\/wp\/v2\/product_tag?post=19014"}],"curies":[{"name":"wp","href":"https:\/\/api.w.org\/{rel}","templated":true}]}}