{"id":19026,"date":"2025-05-07T13:22:56","date_gmt":"2025-05-07T11:22:56","guid":{"rendered":"https:\/\/elalmacendeloza.com\/sin%20categor\u00eda\/panos-pan-con-puntilla-set-6\/"},"modified":"2026-04-08T19:59:11","modified_gmt":"2026-04-08T17:59:11","slug":"panos-pan-con-puntilla-set-6","status":"publish","type":"product","link":"https:\/\/elalmacendeloza.com\/en\/tableware\/bread-plates\/panos-pan-con-puntilla-set-6\/","title":{"rendered":"Pa\u00f1os pan con puntilla &#8211; set 6"},"content":{"rendered":"<div class=\"container-description\">\n<div class=\"description\">\n<h3 class=\"title-description\"> Pa\u00f1itos de pan con puntilla   <\/h3>\n<p> Estos pa\u00f1os de pan con puntilla en blanco o beige est\u00e1n hechos a mano por una costurera de toda la vida que hace aut\u00e9nticas maravillas.Con la medida perfecta para usar en los platos de pan de cristal o en los cestitos. <\/p>\n<h3 class=\"title-description\"> Caracter\u00edsticas:  <\/h3>\n<p> Medida: 10cm <\/p>\n<p>Material: algod\u00f3n<\/p>\n<\/p><\/div>\n<div class=\"square\">\n<h3 class=\"title-description\">Cuidados<\/h3>\n<ul class=\"ul-square\">\n<li class=\"li-square\"> Apto para lavadora <\/li>\n<li class=\"li-square\"> f\u00e1cil planchado <\/li>\n<\/ul><\/div>\n<\/div>\n","protected":false},"excerpt":{"rendered":"<p>\u00d810cm. Set de 6 unidades\u00a0<\/p>\n","protected":false},"featured_media":19027,"comment_status":"open","ping_status":"closed","template":"","meta":[],"product_brand":[],"product_cat":[71,127],"product_tag":[],"class_list":{"0":"post-19026","1":"product","2":"type-product","3":"status-publish","4":"has-post-thumbnail","6":"product_cat-manteleria","7":"product_cat-platos-de-pan","8":"pa_brand-aida-home","9":"pa_color-beige","10":"pa_color-blanco","11":"pa_tamano-redondo","13":"first","14":"instock","15":"taxable","16":"shipping-taxable","17":"purchasable","18":"product-type-variable"},"_links":{"self":[{"href":"https:\/\/elalmacendeloza.com\/en\/wp-json\/wp\/v2\/product\/19026","targetHints":{"allow":["GET"]}}],"collection":[{"href":"https:\/\/elalmacendeloza.com\/en\/wp-json\/wp\/v2\/product"}],"about":[{"href":"https:\/\/elalmacendeloza.com\/en\/wp-json\/wp\/v2\/types\/product"}],"replies":[{"embeddable":true,"href":"https:\/\/elalmacendeloza.com\/en\/wp-json\/wp\/v2\/comments?post=19026"}],"wp:featuredmedia":[{"embeddable":true,"href":"https:\/\/elalmacendeloza.com\/en\/wp-json\/wp\/v2\/media\/19027"}],"wp:attachment":[{"href":"https:\/\/elalmacendeloza.com\/en\/wp-json\/wp\/v2\/media?parent=19026"}],"wp:term":[{"taxonomy":"product_brand","embeddable":true,"href":"https:\/\/elalmacendeloza.com\/en\/wp-json\/wp\/v2\/product_brand?post=19026"},{"taxonomy":"product_cat","embeddable":true,"href":"https:\/\/elalmacendeloza.com\/en\/wp-json\/wp\/v2\/product_cat?post=19026"},{"taxonomy":"product_tag","embeddable":true,"href":"https:\/\/elalmacendeloza.com\/en\/wp-json\/wp\/v2\/product_tag?post=19026"}],"curies":[{"name":"wp","href":"https:\/\/api.w.org\/{rel}","templated":true}]}}