{"id":19037,"date":"2025-05-07T13:32:59","date_gmt":"2025-05-07T11:32:59","guid":{"rendered":"https:\/\/elalmacendeloza.com\/sin%20categor\u00eda\/platito-de-pan-madera\/"},"modified":"2026-04-08T20:16:34","modified_gmt":"2026-04-08T18:16:34","slug":"platito-de-pan-madera","status":"publish","type":"product","link":"https:\/\/elalmacendeloza.com\/en\/tableware\/bread-plates\/platito-de-pan-madera\/","title":{"rendered":"Platito de pan madera"},"content":{"rendered":"<div class=\"container-description\">\n<div class=\"description\">\n<h3 class=\"title-description\"> Platito de pan de madera <\/h3>\n<p> Si buscas un plato de pan m\u00e1s rustico para tus mesas, este es el tuyo. Puedes ponerlos con un pa\u00f1ito de pan encima y te queda de lo m\u00e1s coosy.<\/p>\n<h3 class=\"title-description\"> Caracter\u00edsticas:  <\/h3>\n<p> Medida: 11x11cm <\/p>\n<p>Material: madera<\/p>\n<\/p><\/div>\n<div class=\"square\">\n<h3 class=\"title-description\">Cuidados<\/h3>\n<ul class=\"ul-square\">\n<li class=\"li-square\"> Limpiar con un pa\u00f1o h\u00famedo <\/li>\n<li class=\"li-square\"> No meter en lavaplatos <\/li>\n<\/ul><\/div>\n<\/div>\n","protected":false},"excerpt":{"rendered":"<p>\u00d811x11cm<\/p>\n","protected":false},"featured_media":19038,"comment_status":"open","ping_status":"closed","template":"","meta":[],"product_brand":[],"product_cat":[127],"product_tag":[],"class_list":{"0":"post-19037","1":"product","2":"type-product","3":"status-publish","4":"has-post-thumbnail","6":"product_cat-platos-de-pan","7":"pa_brand-foimpex","8":"pa_color-madera","9":"pa_tamano-11cm","11":"first","12":"instock","13":"taxable","14":"shipping-taxable","15":"purchasable","16":"product-type-simple"},"_links":{"self":[{"href":"https:\/\/elalmacendeloza.com\/en\/wp-json\/wp\/v2\/product\/19037","targetHints":{"allow":["GET"]}}],"collection":[{"href":"https:\/\/elalmacendeloza.com\/en\/wp-json\/wp\/v2\/product"}],"about":[{"href":"https:\/\/elalmacendeloza.com\/en\/wp-json\/wp\/v2\/types\/product"}],"replies":[{"embeddable":true,"href":"https:\/\/elalmacendeloza.com\/en\/wp-json\/wp\/v2\/comments?post=19037"}],"wp:featuredmedia":[{"embeddable":true,"href":"https:\/\/elalmacendeloza.com\/en\/wp-json\/wp\/v2\/media\/19038"}],"wp:attachment":[{"href":"https:\/\/elalmacendeloza.com\/en\/wp-json\/wp\/v2\/media?parent=19037"}],"wp:term":[{"taxonomy":"product_brand","embeddable":true,"href":"https:\/\/elalmacendeloza.com\/en\/wp-json\/wp\/v2\/product_brand?post=19037"},{"taxonomy":"product_cat","embeddable":true,"href":"https:\/\/elalmacendeloza.com\/en\/wp-json\/wp\/v2\/product_cat?post=19037"},{"taxonomy":"product_tag","embeddable":true,"href":"https:\/\/elalmacendeloza.com\/en\/wp-json\/wp\/v2\/product_tag?post=19037"}],"curies":[{"name":"wp","href":"https:\/\/api.w.org\/{rel}","templated":true}]}}