{"id":19079,"date":"2025-05-10T18:14:08","date_gmt":"2025-05-10T16:14:08","guid":{"rendered":"https:\/\/elalmacendeloza.com\/sin%20categor\u00eda\/florencia-jarroncito\/"},"modified":"2026-01-09T16:46:01","modified_gmt":"2026-01-09T15:46:01","slug":"florencia-jarroncito","status":"publish","type":"product","link":"https:\/\/elalmacendeloza.com\/en\/los-mas-deseados\/florencia-jarroncito\/","title":{"rendered":"Florencia Jarroncito"},"content":{"rendered":"<div class=\"container-description\">\n<div class=\"description\">\n<h3 class=\"title-description\"> Florencia Jarroncito <\/h3>\n<p> Los jarroncitos peque\u00f1os son un b\u00e1sico que solucionan cualquier centro de mesa. Los romance dar\u00e1n a tu mesa un toque buc\u00f3lico. Combinalos  <\/p>\n<p>Material: vidrio soplado <\/p>\n<p>Medidas: \u00d89x12cm <\/p>\n<\/p><\/div>\n<div class=\"square\">\n<h3 class=\"title-description\">Cuidados<\/h3>\n<ul class=\"ul-square\">\n<li class=\"li-square\">Apto para lavaplatos  <\/li>\n<li class=\"li-square\"> No apto para microondas ni horno <\/li>\n<\/ul><\/div>\n<\/div>\n","protected":false},"excerpt":{"rendered":"<p>\u00d89x12cm<\/p>\n","protected":false},"featured_media":19080,"comment_status":"open","ping_status":"closed","template":"","meta":[],"product_brand":[],"product_cat":[329,1473],"product_tag":[],"class_list":{"0":"post-19079","1":"product","2":"type-product","3":"status-publish","4":"has-post-thumbnail","6":"product_cat-jarrones","7":"product_cat-los-mas-deseados","8":"pa_brand-affari","9":"pa_color-transparente","10":"pa_tamano-9-cm","12":"first","13":"outofstock","14":"taxable","15":"shipping-taxable","16":"purchasable","17":"product-type-simple"},"_links":{"self":[{"href":"https:\/\/elalmacendeloza.com\/en\/wp-json\/wp\/v2\/product\/19079","targetHints":{"allow":["GET"]}}],"collection":[{"href":"https:\/\/elalmacendeloza.com\/en\/wp-json\/wp\/v2\/product"}],"about":[{"href":"https:\/\/elalmacendeloza.com\/en\/wp-json\/wp\/v2\/types\/product"}],"replies":[{"embeddable":true,"href":"https:\/\/elalmacendeloza.com\/en\/wp-json\/wp\/v2\/comments?post=19079"}],"wp:featuredmedia":[{"embeddable":true,"href":"https:\/\/elalmacendeloza.com\/en\/wp-json\/wp\/v2\/media\/19080"}],"wp:attachment":[{"href":"https:\/\/elalmacendeloza.com\/en\/wp-json\/wp\/v2\/media?parent=19079"}],"wp:term":[{"taxonomy":"product_brand","embeddable":true,"href":"https:\/\/elalmacendeloza.com\/en\/wp-json\/wp\/v2\/product_brand?post=19079"},{"taxonomy":"product_cat","embeddable":true,"href":"https:\/\/elalmacendeloza.com\/en\/wp-json\/wp\/v2\/product_cat?post=19079"},{"taxonomy":"product_tag","embeddable":true,"href":"https:\/\/elalmacendeloza.com\/en\/wp-json\/wp\/v2\/product_tag?post=19079"}],"curies":[{"name":"wp","href":"https:\/\/api.w.org\/{rel}","templated":true}]}}