{"id":19473,"date":"2025-06-17T09:49:45","date_gmt":"2025-06-17T09:49:45","guid":{"rendered":"https:\/\/elalmacendeloza.com\/sin categor\u00eda\/retama-cestito-pan-con-asas\/"},"modified":"2026-03-06T13:54:52","modified_gmt":"2026-03-06T12:54:52","slug":"retama-cestito-pan-con-asas","status":"publish","type":"product","link":"https:\/\/elalmacendeloza.com\/en\/los-mas-deseados\/retama-cestito-pan-con-asas\/","title":{"rendered":"Retama cestito pan con asas"},"content":{"rendered":"","protected":false},"excerpt":{"rendered":"<p>9cm<\/p>\n<p><span>Art\u00edculo fabricado artesanalmente en Espa\u00f1a en los a\u00f1os 40 con retama.\u00a0<\/span><\/p>\n<p><span>Producto exclusivo, muy pocas existencias.\u00a0<\/span><\/p>\n<p>\u00a0<\/p>\n","protected":false},"featured_media":19474,"comment_status":"open","ping_status":"closed","template":"","meta":[],"product_brand":[],"product_cat":[1473,95],"product_tag":[],"class_list":{"0":"post-19473","1":"product","2":"type-product","3":"status-publish","4":"has-post-thumbnail","6":"product_cat-los-mas-deseados","7":"product_cat-paneras","8":"pa_brand-san-jose-artesania","9":"pa_color-natural","10":"pa_tamano-10-cm","12":"first","13":"outofstock","14":"taxable","15":"shipping-taxable","16":"purchasable","17":"product-type-simple"},"_links":{"self":[{"href":"https:\/\/elalmacendeloza.com\/en\/wp-json\/wp\/v2\/product\/19473","targetHints":{"allow":["GET"]}}],"collection":[{"href":"https:\/\/elalmacendeloza.com\/en\/wp-json\/wp\/v2\/product"}],"about":[{"href":"https:\/\/elalmacendeloza.com\/en\/wp-json\/wp\/v2\/types\/product"}],"replies":[{"embeddable":true,"href":"https:\/\/elalmacendeloza.com\/en\/wp-json\/wp\/v2\/comments?post=19473"}],"wp:featuredmedia":[{"embeddable":true,"href":"https:\/\/elalmacendeloza.com\/en\/wp-json\/wp\/v2\/media\/19474"}],"wp:attachment":[{"href":"https:\/\/elalmacendeloza.com\/en\/wp-json\/wp\/v2\/media?parent=19473"}],"wp:term":[{"taxonomy":"product_brand","embeddable":true,"href":"https:\/\/elalmacendeloza.com\/en\/wp-json\/wp\/v2\/product_brand?post=19473"},{"taxonomy":"product_cat","embeddable":true,"href":"https:\/\/elalmacendeloza.com\/en\/wp-json\/wp\/v2\/product_cat?post=19473"},{"taxonomy":"product_tag","embeddable":true,"href":"https:\/\/elalmacendeloza.com\/en\/wp-json\/wp\/v2\/product_tag?post=19473"}],"curies":[{"name":"wp","href":"https:\/\/api.w.org\/{rel}","templated":true}]}}