{"id":19582,"date":"2025-06-26T14:10:41","date_gmt":"2025-06-26T12:10:41","guid":{"rendered":"https:\/\/elalmacendeloza.com\/sin%20categor\u00eda\/palmera-plato-postre\/"},"modified":"2026-02-23T11:39:35","modified_gmt":"2026-02-23T10:39:35","slug":"palmera-plato-postre","status":"publish","type":"product","link":"https:\/\/elalmacendeloza.com\/en\/tableware\/dessert-plate\/palmera-plato-postre\/","title":{"rendered":"Palmera &#8211; Plato postre"},"content":{"rendered":"<div class=\"container-description\">\n<div class=\"description\">\n<h3 class=\"title-description\">   Vajilla Palmera &#8211; plato postre <\/h3>\n<p>  Vajilla fabricada y pintada a mano en nuestro taller de Portugal. El dise\u00f1o est\u00e1 inspirado en las palmeras de Marruecos, con esa mezcla del ocre con el verde. La puedes combinar con la vajilla bamb\u00fa verde.<\/p>\n<h3 class=\"title-description\"> Caracter\u00edsticas:  <\/h3>\n<p> Medida: 21cm <\/p>\n<p>Material: loza <\/p>\n<\/p><\/div>\n<div class=\"square\">\n<h3 class=\"title-description\">Cuidados<\/h3>\n<ul class=\"ul-square\">\n<li class=\"li-square\"> Apto para lavaplatos <\/li>\n<li class=\"li-square\"> Apto para microondas <\/li>\n<\/ul><\/div>\n<\/div>\n","protected":false},"excerpt":{"rendered":"<p>\u00a0Pintada a mano en Portugal. Dise\u00f1o propio.\u00a0<\/p>\n<p>21cm<\/p>\n<p><\/p>\n","protected":false},"featured_media":19583,"comment_status":"open","ping_status":"closed","template":"","meta":[],"product_brand":[],"product_cat":[133],"product_tag":[],"class_list":{"0":"post-19582","1":"product","2":"type-product","3":"status-publish","4":"has-post-thumbnail","6":"product_cat-plato-postre","7":"pa_brand-am-ceramica","8":"pa_color-verde","9":"pa_tamano-21cm","11":"first","12":"instock","13":"taxable","14":"shipping-taxable","15":"purchasable","16":"product-type-simple"},"_links":{"self":[{"href":"https:\/\/elalmacendeloza.com\/en\/wp-json\/wp\/v2\/product\/19582","targetHints":{"allow":["GET"]}}],"collection":[{"href":"https:\/\/elalmacendeloza.com\/en\/wp-json\/wp\/v2\/product"}],"about":[{"href":"https:\/\/elalmacendeloza.com\/en\/wp-json\/wp\/v2\/types\/product"}],"replies":[{"embeddable":true,"href":"https:\/\/elalmacendeloza.com\/en\/wp-json\/wp\/v2\/comments?post=19582"}],"wp:featuredmedia":[{"embeddable":true,"href":"https:\/\/elalmacendeloza.com\/en\/wp-json\/wp\/v2\/media\/19583"}],"wp:attachment":[{"href":"https:\/\/elalmacendeloza.com\/en\/wp-json\/wp\/v2\/media?parent=19582"}],"wp:term":[{"taxonomy":"product_brand","embeddable":true,"href":"https:\/\/elalmacendeloza.com\/en\/wp-json\/wp\/v2\/product_brand?post=19582"},{"taxonomy":"product_cat","embeddable":true,"href":"https:\/\/elalmacendeloza.com\/en\/wp-json\/wp\/v2\/product_cat?post=19582"},{"taxonomy":"product_tag","embeddable":true,"href":"https:\/\/elalmacendeloza.com\/en\/wp-json\/wp\/v2\/product_tag?post=19582"}],"curies":[{"name":"wp","href":"https:\/\/api.w.org\/{rel}","templated":true}]}}