{"id":19679,"date":"2025-06-30T13:55:29","date_gmt":"2025-06-30T11:55:29","guid":{"rendered":"https:\/\/elalmacendeloza.com\/sin%20categor\u00eda\/cuenco-miso\/"},"modified":"2026-04-14T10:51:49","modified_gmt":"2026-04-14T08:51:49","slug":"cuenco-miso","status":"publish","type":"product","link":"https:\/\/elalmacendeloza.com\/en\/los-mas-deseados\/cuenco-miso\/","title":{"rendered":"Cuenco Miso"},"content":{"rendered":"<div class=\"container-description\">\n<div class=\"description\">\n<h3 class=\"title-description\"> Taz\u00f3n Miso   <\/h3>\n<p>Cuencos con tapa de origen japon\u00e9s,  espec\u00edficos para disfrutar de la deliciosa sopa miso o de cualquier otra crema o sopa.  No pesa y adem\u00e1s da un toque elegante y diferente a nuestras mesas. Hay 2 colores disponibles.  <\/p>\n<p> Medida:300ml  <\/p>\n<p>Material: resina ABS resistente al calor <\/p>\n<\/p><\/div>\n<div class=\"square\">\n<h3 class=\"title-description\">Cuidados<\/h3>\n<ul class=\"ul-square\">\n<li class=\"li-square\">No lavar en el lavaplatos. <\/li>\n<\/ul><\/div>\n<\/div>\n","protected":false},"excerpt":{"rendered":"<p>300ml<\/p>\n","protected":false},"featured_media":19680,"comment_status":"open","ping_status":"closed","template":"","meta":[],"product_brand":[],"product_cat":[135,1473],"product_tag":[],"class_list":{"0":"post-19679","1":"product","2":"type-product","3":"status-publish","4":"has-post-thumbnail","6":"product_cat-cuencos","7":"product_cat-los-mas-deseados","8":"pa_brand-tokyo","9":"pa_color-negro","10":"pa_color-rojo","11":"pa_sa_tamanos-300ml","13":"first","14":"instock","15":"taxable","16":"shipping-taxable","17":"purchasable","18":"product-type-variable"},"_links":{"self":[{"href":"https:\/\/elalmacendeloza.com\/en\/wp-json\/wp\/v2\/product\/19679","targetHints":{"allow":["GET"]}}],"collection":[{"href":"https:\/\/elalmacendeloza.com\/en\/wp-json\/wp\/v2\/product"}],"about":[{"href":"https:\/\/elalmacendeloza.com\/en\/wp-json\/wp\/v2\/types\/product"}],"replies":[{"embeddable":true,"href":"https:\/\/elalmacendeloza.com\/en\/wp-json\/wp\/v2\/comments?post=19679"}],"wp:featuredmedia":[{"embeddable":true,"href":"https:\/\/elalmacendeloza.com\/en\/wp-json\/wp\/v2\/media\/19680"}],"wp:attachment":[{"href":"https:\/\/elalmacendeloza.com\/en\/wp-json\/wp\/v2\/media?parent=19679"}],"wp:term":[{"taxonomy":"product_brand","embeddable":true,"href":"https:\/\/elalmacendeloza.com\/en\/wp-json\/wp\/v2\/product_brand?post=19679"},{"taxonomy":"product_cat","embeddable":true,"href":"https:\/\/elalmacendeloza.com\/en\/wp-json\/wp\/v2\/product_cat?post=19679"},{"taxonomy":"product_tag","embeddable":true,"href":"https:\/\/elalmacendeloza.com\/en\/wp-json\/wp\/v2\/product_tag?post=19679"}],"curies":[{"name":"wp","href":"https:\/\/api.w.org\/{rel}","templated":true}]}}