{"id":19909,"date":"2025-07-23T23:49:28","date_gmt":"2025-07-23T21:49:28","guid":{"rendered":"https:\/\/elalmacendeloza.com\/sin%20categor\u00eda\/arvid-tabla-redonda\/"},"modified":"2026-03-19T11:33:30","modified_gmt":"2026-03-19T10:33:30","slug":"arvid-tabla-redonda","status":"publish","type":"product","link":"https:\/\/elalmacendeloza.com\/en\/trays\/cutting-boards\/arvid-tabla-redonda\/","title":{"rendered":"Arvid- Tabla redonda"},"content":{"rendered":"<div class=\"container-description\">\n<div class=\"description\">\n<h3 class=\"title-description\">Tablas de cortar  madera de teca <\/h3>\n<p> Realizada en teca natural, estas tablas con un dise\u00f1o n\u00f3rdico y r\u00fastico ser\u00e1n un elemento indispensable en tu cocina.Las grietas en la madera pueden aparecer y son una parte natural del producto. La ra\u00edz de teca contiene aceite natural y puede dejar marcas en las sensibles superficies. <\/p>\n<p>Material: Ra\u00edz de teca natural<\/p>\n<p>Medidas \u00d830x40x2 cm <\/p>\n<\/p><\/div>\n<div class=\"square\">\n<h3 class=\"title-description\">Cuidados<\/h3>\n<ul class=\"ul-square\">\n<li class=\"li-square\">lavar a mano <\/li>\n<li class=\"li-square\"> Con el uso pueden salir grietas en la madera de teca que lo har\u00e1n m\u00e1s aut\u00e9ntico. <\/li>\n<\/ul><\/div>\n<\/div>\n","protected":false},"excerpt":{"rendered":"<p>\u00a0Una tabla de cortar es un elemento indispensable para cualquier cocina. Con un dise\u00f1o n\u00f3rdico las tablas Arvid dar\u00e1n ese toque r\u00fastico a tus tablas de quesos.\u00a0<\/p>\n","protected":false},"featured_media":19910,"comment_status":"open","ping_status":"closed","template":"","meta":[],"product_brand":[],"product_cat":[86],"product_tag":[],"class_list":{"0":"post-19909","1":"product","2":"type-product","3":"status-publish","4":"has-post-thumbnail","6":"product_cat-tablas","7":"pa_brand-affari","8":"pa_color-natural","9":"pa_tamano-30x43cm","11":"first","12":"instock","13":"taxable","14":"shipping-taxable","15":"purchasable","16":"product-type-variable"},"_links":{"self":[{"href":"https:\/\/elalmacendeloza.com\/en\/wp-json\/wp\/v2\/product\/19909","targetHints":{"allow":["GET"]}}],"collection":[{"href":"https:\/\/elalmacendeloza.com\/en\/wp-json\/wp\/v2\/product"}],"about":[{"href":"https:\/\/elalmacendeloza.com\/en\/wp-json\/wp\/v2\/types\/product"}],"replies":[{"embeddable":true,"href":"https:\/\/elalmacendeloza.com\/en\/wp-json\/wp\/v2\/comments?post=19909"}],"wp:featuredmedia":[{"embeddable":true,"href":"https:\/\/elalmacendeloza.com\/en\/wp-json\/wp\/v2\/media\/19910"}],"wp:attachment":[{"href":"https:\/\/elalmacendeloza.com\/en\/wp-json\/wp\/v2\/media?parent=19909"}],"wp:term":[{"taxonomy":"product_brand","embeddable":true,"href":"https:\/\/elalmacendeloza.com\/en\/wp-json\/wp\/v2\/product_brand?post=19909"},{"taxonomy":"product_cat","embeddable":true,"href":"https:\/\/elalmacendeloza.com\/en\/wp-json\/wp\/v2\/product_cat?post=19909"},{"taxonomy":"product_tag","embeddable":true,"href":"https:\/\/elalmacendeloza.com\/en\/wp-json\/wp\/v2\/product_tag?post=19909"}],"curies":[{"name":"wp","href":"https:\/\/api.w.org\/{rel}","templated":true}]}}