{"id":19980,"date":"2025-07-29T13:51:15","date_gmt":"2025-07-29T11:51:15","guid":{"rendered":"https:\/\/elalmacendeloza.com\/sin%20categor\u00eda\/sun-flower-cesto-frutero-grande\/"},"modified":"2026-01-09T17:13:13","modified_gmt":"2026-01-09T16:13:13","slug":"sun-flower-cesto-frutero-grande","status":"publish","type":"product","link":"https:\/\/elalmacendeloza.com\/en\/baskets\/fruit-bowls\/sun-flower-cesto-frutero-grande\/","title":{"rendered":"Sun flower-  Cesto frutero grande"},"content":{"rendered":"<div class=\"container-description\">\n<div class=\"description\">\n<h3 class=\"title-description\"> Sun Flower cesto frutero grande   <\/h3>\n<p> fruteros tejidos a mano con fibra natural local por artesanas de Eswatini, \u00c1frica. Los colores est\u00e1n inspirados en los de esa zona en concreto que hacen de estos individuales piezas \u00fanicas para nuestras mesas.<\/p>\n<p> Medida:25 cm  <\/p>\n<p>Material: Fibra natural<\/p>\n<\/p><\/div>\n<div class=\"square\">\n<h3 class=\"title-description\">Cuidados<\/h3>\n<ul class=\"ul-square\">\n<li class=\"li-square\">Limpiar con un pa\u00f1o h\u00famedo<\/li>\n<\/ul><\/div>\n<\/div>\n","protected":false},"excerpt":{"rendered":"<p>25cm- Hecho a mano\u00a0<\/p>\n","protected":false},"featured_media":19981,"comment_status":"open","ping_status":"closed","template":"","meta":[],"product_brand":[],"product_cat":[91],"product_tag":[],"class_list":{"0":"post-19980","1":"product","2":"type-product","3":"status-publish","4":"has-post-thumbnail","6":"product_cat-frutero","7":"pa_brand-danye","8":"pa_color-azul-blanco-2","9":"pa_color-marron","10":"pa_color-natural","11":"pa_color-salmon","12":"pa_tamano-25cm","14":"first","15":"instock","16":"taxable","17":"shipping-taxable","18":"purchasable","19":"product-type-variable"},"_links":{"self":[{"href":"https:\/\/elalmacendeloza.com\/en\/wp-json\/wp\/v2\/product\/19980","targetHints":{"allow":["GET"]}}],"collection":[{"href":"https:\/\/elalmacendeloza.com\/en\/wp-json\/wp\/v2\/product"}],"about":[{"href":"https:\/\/elalmacendeloza.com\/en\/wp-json\/wp\/v2\/types\/product"}],"replies":[{"embeddable":true,"href":"https:\/\/elalmacendeloza.com\/en\/wp-json\/wp\/v2\/comments?post=19980"}],"wp:featuredmedia":[{"embeddable":true,"href":"https:\/\/elalmacendeloza.com\/en\/wp-json\/wp\/v2\/media\/19981"}],"wp:attachment":[{"href":"https:\/\/elalmacendeloza.com\/en\/wp-json\/wp\/v2\/media?parent=19980"}],"wp:term":[{"taxonomy":"product_brand","embeddable":true,"href":"https:\/\/elalmacendeloza.com\/en\/wp-json\/wp\/v2\/product_brand?post=19980"},{"taxonomy":"product_cat","embeddable":true,"href":"https:\/\/elalmacendeloza.com\/en\/wp-json\/wp\/v2\/product_cat?post=19980"},{"taxonomy":"product_tag","embeddable":true,"href":"https:\/\/elalmacendeloza.com\/en\/wp-json\/wp\/v2\/product_tag?post=19980"}],"curies":[{"name":"wp","href":"https:\/\/api.w.org\/{rel}","templated":true}]}}