{"id":20308,"date":"2025-09-24T10:04:25","date_gmt":"2025-09-24T08:04:25","guid":{"rendered":"https:\/\/elalmacendeloza.com\/sin%20categor\u00eda\/bandeja-petirrojo\/"},"modified":"2026-03-19T11:33:41","modified_gmt":"2026-03-19T10:33:41","slug":"bandeja-petirrojo","status":"publish","type":"product","link":"https:\/\/elalmacendeloza.com\/en\/nueva-coleccion\/bandeja-petirrojo\/","title":{"rendered":"Bandeja Petirrojo"},"content":{"rendered":"<div class=\"container-description\">\n<div class=\"description\">\n<h3 class=\"title-description\"> Bandeja cuadrada Petirrojo <\/h3>\n<p>El petirrojo es uno de los p\u00e1jaros m\u00e1s populares y f\u00e1cilmente reconocibles, al que se distingue por su llamativa mancha anaranjada en el pecho, la garganta y la cara.Esta bandeja le dar\u00e1 a tus estancias un toque original y de color.<\/p>\n<p> Medidas: 16x16cm<\/p>\n<p>Material: Hierro<\/p>\n<\/p><\/div>\n<div class=\"square\">\n<h3 class=\"title-description\">Cuidados<\/h3>\n<ul class=\"ul-square\">\n<li class=\"li-square\"> Limpiar con un pa\u00f1o h\u00famedo.<\/li>\n<\/ul><\/div>\n<\/div>\n","protected":false},"excerpt":{"rendered":"<p><span>16x16cm<\/span><\/p>\n<p><\/p>\n","protected":false},"featured_media":20309,"comment_status":"open","ping_status":"closed","template":"","meta":[],"product_brand":[],"product_cat":[85,1773],"product_tag":[],"class_list":{"0":"post-20308","1":"product","2":"type-product","3":"status-publish","4":"has-post-thumbnail","6":"product_cat-bandejas-bandejas","7":"product_cat-nueva-coleccion","8":"pa_brand-cote-table","9":"pa_color-multicolor","10":"pa_sa_tamanos-16cm","12":"first","13":"instock","14":"taxable","15":"shipping-taxable","16":"purchasable","17":"product-type-variable"},"_links":{"self":[{"href":"https:\/\/elalmacendeloza.com\/en\/wp-json\/wp\/v2\/product\/20308","targetHints":{"allow":["GET"]}}],"collection":[{"href":"https:\/\/elalmacendeloza.com\/en\/wp-json\/wp\/v2\/product"}],"about":[{"href":"https:\/\/elalmacendeloza.com\/en\/wp-json\/wp\/v2\/types\/product"}],"replies":[{"embeddable":true,"href":"https:\/\/elalmacendeloza.com\/en\/wp-json\/wp\/v2\/comments?post=20308"}],"wp:featuredmedia":[{"embeddable":true,"href":"https:\/\/elalmacendeloza.com\/en\/wp-json\/wp\/v2\/media\/20309"}],"wp:attachment":[{"href":"https:\/\/elalmacendeloza.com\/en\/wp-json\/wp\/v2\/media?parent=20308"}],"wp:term":[{"taxonomy":"product_brand","embeddable":true,"href":"https:\/\/elalmacendeloza.com\/en\/wp-json\/wp\/v2\/product_brand?post=20308"},{"taxonomy":"product_cat","embeddable":true,"href":"https:\/\/elalmacendeloza.com\/en\/wp-json\/wp\/v2\/product_cat?post=20308"},{"taxonomy":"product_tag","embeddable":true,"href":"https:\/\/elalmacendeloza.com\/en\/wp-json\/wp\/v2\/product_tag?post=20308"}],"curies":[{"name":"wp","href":"https:\/\/api.w.org\/{rel}","templated":true}]}}