{"id":20499,"date":"2025-10-27T18:27:23","date_gmt":"2025-10-27T17:27:23","guid":{"rendered":"https:\/\/elalmacendeloza.com\/sin%20categor\u00eda\/panera-rayas-colores\/"},"modified":"2026-01-09T17:04:24","modified_gmt":"2026-01-09T16:04:24","slug":"panera-rayas-colores","status":"publish","type":"product","link":"https:\/\/elalmacendeloza.com\/en\/baskets\/bread-bins\/panera-rayas-colores\/","title":{"rendered":"Panera rayas colores"},"content":{"rendered":"<div class=\"container-description\">\n<div class=\"description\">\n<h3 class=\"title-description\"> Paneras rayas colores <\/h3>\n<p> 3 tama\u00f1os de paneras o cestos en colores oto\u00f1ales. Para usas como paneras o como cesto de orden. Muy pr\u00e1cticas. <\/p>\n<h3 class=\"title-description\"> Caracter\u00edsticas:  <\/h3>\n<p> Medida: <\/p>\n<p>Material: Poli\u00e9ster<\/p>\n<\/p><\/div>\n<div class=\"square\">\n<h3 class=\"title-description\">Cuidados<\/h3>\n<ul class=\"ul-square\">\n<li class=\"li-square\"> Apto para lavadora <\/li>\n<\/ul><\/div>\n<\/div>\n<p>Esta copa<\/p>\n","protected":false},"excerpt":{"rendered":"<p><span>Grande: 14x14x14 cm<\/span><br \/><span>Mediana:12x12x12 cm<\/span><br \/><span>peque\u00f1a :10x10x10 cm\u00a0<\/span><\/p>\n<p><\/p>\n","protected":false},"featured_media":20500,"comment_status":"open","ping_status":"closed","template":"","meta":[],"product_brand":[],"product_cat":[95],"product_tag":[],"class_list":{"0":"post-20499","1":"product","2":"type-product","3":"status-publish","4":"has-post-thumbnail","6":"product_cat-paneras","7":"pa_brand-versa","8":"pa_sa_dibujo-rayas","9":"pa_tamano-grande","10":"pa_tamano-mediano","11":"pa_tamano-pequeno","13":"first","14":"outofstock","15":"taxable","16":"shipping-taxable","17":"product-type-variable"},"_links":{"self":[{"href":"https:\/\/elalmacendeloza.com\/en\/wp-json\/wp\/v2\/product\/20499","targetHints":{"allow":["GET"]}}],"collection":[{"href":"https:\/\/elalmacendeloza.com\/en\/wp-json\/wp\/v2\/product"}],"about":[{"href":"https:\/\/elalmacendeloza.com\/en\/wp-json\/wp\/v2\/types\/product"}],"replies":[{"embeddable":true,"href":"https:\/\/elalmacendeloza.com\/en\/wp-json\/wp\/v2\/comments?post=20499"}],"wp:featuredmedia":[{"embeddable":true,"href":"https:\/\/elalmacendeloza.com\/en\/wp-json\/wp\/v2\/media\/20500"}],"wp:attachment":[{"href":"https:\/\/elalmacendeloza.com\/en\/wp-json\/wp\/v2\/media?parent=20499"}],"wp:term":[{"taxonomy":"product_brand","embeddable":true,"href":"https:\/\/elalmacendeloza.com\/en\/wp-json\/wp\/v2\/product_brand?post=20499"},{"taxonomy":"product_cat","embeddable":true,"href":"https:\/\/elalmacendeloza.com\/en\/wp-json\/wp\/v2\/product_cat?post=20499"},{"taxonomy":"product_tag","embeddable":true,"href":"https:\/\/elalmacendeloza.com\/en\/wp-json\/wp\/v2\/product_tag?post=20499"}],"curies":[{"name":"wp","href":"https:\/\/api.w.org\/{rel}","templated":true}]}}