{"id":20590,"date":"2025-11-04T15:40:04","date_gmt":"2025-11-04T14:40:04","guid":{"rendered":"https:\/\/elalmacendeloza.com\/sin%20categor\u00eda\/bistro-vela-ceramica-seta\/"},"modified":"2026-01-12T18:19:31","modified_gmt":"2026-01-12T17:19:31","slug":"bistro-vela-ceramica-seta","status":"publish","type":"product","link":"https:\/\/elalmacendeloza.com\/en\/lightning\/candles\/bistro-vela-ceramica-seta\/","title":{"rendered":"Bistr\u00f3 vela cer\u00e1mica seta"},"content":{"rendered":"<div class=\"container-description\">\n<div class=\"description\">\n<h3 class=\"title-description\"> Velas colecci\u00f3n Bistr\u00f3 <\/h3>\n<p>Cada vela de esta colecci\u00f3n irradia un aroma delicioso que complementa a la perfecci\u00f3n su encantador dise\u00f1o, aportando un toque de cultura culinaria a tu hogar. Decoradas con iconos gastron\u00f3micos pintados a mano, estas velas no solo son arom\u00e1ticas, sino tambi\u00e9n un deleite visual, y vienen presentadas en elegantes cajas deslizantes. \u00a1Adem\u00e1s, los recipientes son aptos para uso alimentario!<\/p>\n<h3 class=\"title-description\"> Caracter\u00edsticas:  <\/h3>\n<p> Medida:9x9cm <\/p>\n<p>Material: cer\u00e1mica <\/p>\n<\/p><\/div>\n<div class=\"square\">\n<h3 class=\"title-description\"> Wild Mushroom<\/h3>\n<ul class=\"ul-square\">\n<li class=\"li-square\"> Notas de olor: seta enoki, romero, tierra seca,hoja de lim\u00f3n, lavanda, jazm\u00edn.<\/li>\n<\/ul><\/div>\n<\/div>\n","protected":false},"excerpt":{"rendered":"<p>Vela con olor\u00a0<\/p>\n","protected":false},"featured_media":20591,"comment_status":"open","ping_status":"closed","template":"","meta":[],"product_brand":[],"product_cat":[121],"product_tag":[],"class_list":{"0":"post-20590","1":"product","2":"type-product","3":"status-publish","4":"has-post-thumbnail","6":"product_cat-velas","7":"pa_brand-paddywax","8":"pa_sa_dibujo-seta","9":"pa_sa_tallas-unico","11":"first","12":"instock","13":"taxable","14":"shipping-taxable","15":"purchasable","16":"product-type-simple"},"_links":{"self":[{"href":"https:\/\/elalmacendeloza.com\/en\/wp-json\/wp\/v2\/product\/20590","targetHints":{"allow":["GET"]}}],"collection":[{"href":"https:\/\/elalmacendeloza.com\/en\/wp-json\/wp\/v2\/product"}],"about":[{"href":"https:\/\/elalmacendeloza.com\/en\/wp-json\/wp\/v2\/types\/product"}],"replies":[{"embeddable":true,"href":"https:\/\/elalmacendeloza.com\/en\/wp-json\/wp\/v2\/comments?post=20590"}],"wp:featuredmedia":[{"embeddable":true,"href":"https:\/\/elalmacendeloza.com\/en\/wp-json\/wp\/v2\/media\/20591"}],"wp:attachment":[{"href":"https:\/\/elalmacendeloza.com\/en\/wp-json\/wp\/v2\/media?parent=20590"}],"wp:term":[{"taxonomy":"product_brand","embeddable":true,"href":"https:\/\/elalmacendeloza.com\/en\/wp-json\/wp\/v2\/product_brand?post=20590"},{"taxonomy":"product_cat","embeddable":true,"href":"https:\/\/elalmacendeloza.com\/en\/wp-json\/wp\/v2\/product_cat?post=20590"},{"taxonomy":"product_tag","embeddable":true,"href":"https:\/\/elalmacendeloza.com\/en\/wp-json\/wp\/v2\/product_tag?post=20590"}],"curies":[{"name":"wp","href":"https:\/\/api.w.org\/{rel}","templated":true}]}}