{"id":20613,"date":"2025-11-04T15:41:13","date_gmt":"2025-11-04T14:41:13","guid":{"rendered":"https:\/\/elalmacendeloza.com\/sin%20categor\u00eda\/bistro-vela-ceramica-uva\/"},"modified":"2026-01-12T18:17:59","modified_gmt":"2026-01-12T17:17:59","slug":"bistro-vela-ceramica-uva","status":"publish","type":"product","link":"https:\/\/elalmacendeloza.com\/en\/lightning\/candles\/bistro-vela-ceramica-uva\/","title":{"rendered":"Bistr\u00f3 vela cer\u00e1mica uva"},"content":{"rendered":"<div class=\"container-description\">\n<div class=\"description\">\n<h3 class=\"title-description\"> Velas colecci\u00f3n Bistr\u00f3 <\/h3>\n<p>Cada vela de esta colecci\u00f3n irradia un aroma delicioso que complementa a la perfecci\u00f3n su encantador dise\u00f1o, aportando un toque de cultura culinaria a tu hogar. Decoradas con iconos gastron\u00f3micos pintados a mano, estas velas no solo son arom\u00e1ticas, sino tambi\u00e9n un deleite visual, y vienen presentadas en elegantes cajas deslizantes. \u00a1Adem\u00e1s, los recipientes son aptos para uso alimentario!<\/p>\n<h3 class=\"title-description\"> Caracter\u00edsticas:  <\/h3>\n<p> Medida:9x9cm <\/p>\n<p>Material: cer\u00e1mica <\/p>\n<\/p><\/div>\n<div class=\"square\">\n<h3 class=\"title-description\">Bordeaux Grape<\/h3>\n<ul class=\"ul-square\">\n<li class=\"li-square\"> Notas: eucalipto, naranja dulce, lim\u00f3n confitado, fresa, higo de Burdeos, frambuesa silvestre, geranio, capullo de rosa <\/li>\n<\/ul><\/div>\n","protected":false},"excerpt":{"rendered":"<p>Vela con olor\u00a0<\/p>\n","protected":false},"featured_media":20614,"comment_status":"open","ping_status":"closed","template":"","meta":[],"product_brand":[],"product_cat":[121],"product_tag":[],"class_list":{"0":"post-20613","1":"product","2":"type-product","3":"status-publish","4":"has-post-thumbnail","6":"product_cat-velas","7":"pa_brand-paddywax","8":"pa_sa_dibujo-uva-negra","9":"pa_sa_tallas-unico","11":"first","12":"instock","13":"taxable","14":"shipping-taxable","15":"purchasable","16":"product-type-simple"},"_links":{"self":[{"href":"https:\/\/elalmacendeloza.com\/en\/wp-json\/wp\/v2\/product\/20613","targetHints":{"allow":["GET"]}}],"collection":[{"href":"https:\/\/elalmacendeloza.com\/en\/wp-json\/wp\/v2\/product"}],"about":[{"href":"https:\/\/elalmacendeloza.com\/en\/wp-json\/wp\/v2\/types\/product"}],"replies":[{"embeddable":true,"href":"https:\/\/elalmacendeloza.com\/en\/wp-json\/wp\/v2\/comments?post=20613"}],"wp:featuredmedia":[{"embeddable":true,"href":"https:\/\/elalmacendeloza.com\/en\/wp-json\/wp\/v2\/media\/20614"}],"wp:attachment":[{"href":"https:\/\/elalmacendeloza.com\/en\/wp-json\/wp\/v2\/media?parent=20613"}],"wp:term":[{"taxonomy":"product_brand","embeddable":true,"href":"https:\/\/elalmacendeloza.com\/en\/wp-json\/wp\/v2\/product_brand?post=20613"},{"taxonomy":"product_cat","embeddable":true,"href":"https:\/\/elalmacendeloza.com\/en\/wp-json\/wp\/v2\/product_cat?post=20613"},{"taxonomy":"product_tag","embeddable":true,"href":"https:\/\/elalmacendeloza.com\/en\/wp-json\/wp\/v2\/product_tag?post=20613"}],"curies":[{"name":"wp","href":"https:\/\/api.w.org\/{rel}","templated":true}]}}