{"id":20634,"date":"2025-11-04T15:42:55","date_gmt":"2025-11-04T14:42:55","guid":{"rendered":"https:\/\/elalmacendeloza.com\/sin%20categor\u00eda\/cabana-vela-ceramica-rayas-amarillas\/"},"modified":"2026-03-04T19:24:43","modified_gmt":"2026-03-04T18:24:43","slug":"cabana-vela-ceramica-rayas-amarillas","status":"publish","type":"product","link":"https:\/\/elalmacendeloza.com\/en\/nueva-coleccion\/cabana-vela-ceramica-rayas-amarillas\/","title":{"rendered":"Cabana vela cer\u00e1mica rayas amarillas"},"content":{"rendered":"<div class=\"container-description\">\n<div class=\"description\">\n<h3 class=\"title-description\"> Velas colecci\u00f3n Cabana <\/h3>\n<p>Transp\u00f3rtate a las playas m\u00e1s hermosas del mundo con nuestra colecci\u00f3n Cabana, dise\u00f1ada para evocar los aromas relajantes y de los destinos costeros.<br \/>\nEstas velas pintadas a mano en Vietnam, est\u00e1n inspiradas en las sombrillas de rayas.Disponible en diferentes colores y olores.<br \/>\nUna vez que la vela se haya consumido, su recipiente de cer\u00e1mica apto para uso alimentario puede reutilizarse para tus creaciones culinarias o como un encantador objeto decorativo.<\/p>\n<h3 class=\"title-description\"> Caracter\u00edsticas:  <\/h3>\n<p> Medida:7,5x9cm <\/p>\n<p>Material: cer\u00e1mica + cera de soja <\/p>\n<\/p><\/div>\n<div class=\"square\">\n<h3 class=\"title-description\"> Gold Coast <\/h3>\n<ul class=\"ul-square\">\n<li class=\"li-square\"> Notas de olor: eucalipto, lim\u00f3n, bergamota, cardamomo, brote de clavo.<\/li>\n<\/ul><\/div>\n<\/div>\n","protected":false},"excerpt":{"rendered":"<p>Vela con olor\u00a0<\/p>\n","protected":false},"featured_media":20635,"comment_status":"open","ping_status":"closed","template":"","meta":[],"product_brand":[],"product_cat":[1773,121],"product_tag":[],"class_list":{"0":"post-20634","1":"product","2":"type-product","3":"status-publish","4":"has-post-thumbnail","6":"product_cat-nueva-coleccion","7":"product_cat-velas","8":"pa_brand-paddywax","9":"pa_color-amarillo","10":"pa_sa_tallas-unico","12":"first","13":"instock","14":"taxable","15":"shipping-taxable","16":"purchasable","17":"product-type-simple"},"_links":{"self":[{"href":"https:\/\/elalmacendeloza.com\/en\/wp-json\/wp\/v2\/product\/20634","targetHints":{"allow":["GET"]}}],"collection":[{"href":"https:\/\/elalmacendeloza.com\/en\/wp-json\/wp\/v2\/product"}],"about":[{"href":"https:\/\/elalmacendeloza.com\/en\/wp-json\/wp\/v2\/types\/product"}],"replies":[{"embeddable":true,"href":"https:\/\/elalmacendeloza.com\/en\/wp-json\/wp\/v2\/comments?post=20634"}],"wp:featuredmedia":[{"embeddable":true,"href":"https:\/\/elalmacendeloza.com\/en\/wp-json\/wp\/v2\/media\/20635"}],"wp:attachment":[{"href":"https:\/\/elalmacendeloza.com\/en\/wp-json\/wp\/v2\/media?parent=20634"}],"wp:term":[{"taxonomy":"product_brand","embeddable":true,"href":"https:\/\/elalmacendeloza.com\/en\/wp-json\/wp\/v2\/product_brand?post=20634"},{"taxonomy":"product_cat","embeddable":true,"href":"https:\/\/elalmacendeloza.com\/en\/wp-json\/wp\/v2\/product_cat?post=20634"},{"taxonomy":"product_tag","embeddable":true,"href":"https:\/\/elalmacendeloza.com\/en\/wp-json\/wp\/v2\/product_tag?post=20634"}],"curies":[{"name":"wp","href":"https:\/\/api.w.org\/{rel}","templated":true}]}}