{"id":20727,"date":"2025-11-18T00:27:14","date_gmt":"2025-11-17T23:27:14","guid":{"rendered":"https:\/\/elalmacendeloza.com\/sin%20categor\u00eda\/navidad-bola-madera\/"},"modified":"2026-01-29T12:37:10","modified_gmt":"2026-01-29T11:37:10","slug":"navidad-bola-madera","status":"publish","type":"product","link":"https:\/\/elalmacendeloza.com\/en\/sales\/navidad-bola-madera\/","title":{"rendered":"Navidad-Bola madera"},"content":{"rendered":"<div class=\"container-description\">\n<div class=\"description\">\n<h3 class=\"title-description\">  Navidad- Bola de madera  <\/h3>\n<p> Bola de madera con diferentes dise\u00f1os navida\u00f1os. Para las navidades m\u00e1s r\u00fasticas  <\/p>\n<p>Medida: 6cm <\/p>\n<p>Material: madera<\/p>\n<\/p><\/div>\n<div class=\"square\">\n<h3 class=\"title-description\">Cuidados<\/h3>\n<ul class=\"ul-square\">\n<li class=\"li-square\">Limpiar con un pa\u00f1o h\u00famedo<\/li>\n<\/ul><\/div>\n<\/div>\n","protected":false},"excerpt":{"rendered":"<p>di\u00e1metro 6 cm<\/p>\n","protected":false},"featured_media":20733,"comment_status":"open","ping_status":"closed","template":"","meta":[],"product_brand":[],"product_cat":[575],"product_tag":[],"class_list":{"0":"post-20727","1":"product","2":"type-product","3":"status-publish","4":"has-post-thumbnail","6":"product_cat-rebajas","7":"pa_brand-foimpex","8":"pa_sa_dibujo-acebo","9":"pa_sa_dibujo-christmas","10":"pa_sa_dibujo-estrella","11":"pa_sa_dibujo-rayas","12":"pa_tamano-6cm","14":"first","15":"instock","16":"sale","17":"taxable","18":"shipping-taxable","19":"purchasable","20":"product-type-variable"},"_links":{"self":[{"href":"https:\/\/elalmacendeloza.com\/en\/wp-json\/wp\/v2\/product\/20727","targetHints":{"allow":["GET"]}}],"collection":[{"href":"https:\/\/elalmacendeloza.com\/en\/wp-json\/wp\/v2\/product"}],"about":[{"href":"https:\/\/elalmacendeloza.com\/en\/wp-json\/wp\/v2\/types\/product"}],"replies":[{"embeddable":true,"href":"https:\/\/elalmacendeloza.com\/en\/wp-json\/wp\/v2\/comments?post=20727"}],"wp:featuredmedia":[{"embeddable":true,"href":"https:\/\/elalmacendeloza.com\/en\/wp-json\/wp\/v2\/media\/20733"}],"wp:attachment":[{"href":"https:\/\/elalmacendeloza.com\/en\/wp-json\/wp\/v2\/media?parent=20727"}],"wp:term":[{"taxonomy":"product_brand","embeddable":true,"href":"https:\/\/elalmacendeloza.com\/en\/wp-json\/wp\/v2\/product_brand?post=20727"},{"taxonomy":"product_cat","embeddable":true,"href":"https:\/\/elalmacendeloza.com\/en\/wp-json\/wp\/v2\/product_cat?post=20727"},{"taxonomy":"product_tag","embeddable":true,"href":"https:\/\/elalmacendeloza.com\/en\/wp-json\/wp\/v2\/product_tag?post=20727"}],"curies":[{"name":"wp","href":"https:\/\/api.w.org\/{rel}","templated":true}]}}