{"id":20764,"date":"2025-11-18T11:29:23","date_gmt":"2025-11-18T10:29:23","guid":{"rendered":"https:\/\/elalmacendeloza.com\/sin%20categor\u00eda\/maestro-green-copa-agua-set-4\/"},"modified":"2026-03-14T13:23:14","modified_gmt":"2026-03-14T12:23:14","slug":"maestro-green-copa-agua-set-4","status":"publish","type":"product","link":"https:\/\/elalmacendeloza.com\/en\/glassware\/water-cup\/maestro-green-copa-agua-set-4\/","title":{"rendered":"Maestro green- Copa agua set 4"},"content":{"rendered":"<div class=\"container-description\">\n<div class=\"description\">\n<h3 class=\"title-description\"> Maestro green copa de agua <\/h3>\n<p> La copa de agua Maestro de Zafferano encarna la sofisticaci\u00f3n de los vasos venecianos tradicionales. Soplada y fabricada artesanalmente en vidrio sodoc\u00e1lcico. Ideal para mesas con un toque m\u00e1s contempor\u00e1neo. Se venden en sets de 4 unidades <\/p>\n<h3 class=\"title-description\"> Caracter\u00edsticas:  <\/h3>\n<p> Medida:420ml <\/p>\n<p>Material:  vidrio sodoc\u00e1lcico<\/p>\n<\/p><\/div>\n<div class=\"square\">\n<h3 class=\"title-description\">Cuidados<\/h3>\n<ul class=\"ul-square\">\n<li class=\"li-square\"> Apto para lavaplatos <\/li>\n<\/ul><\/div>\n<\/div>\n","protected":false},"excerpt":{"rendered":"<p>420ml<\/p>\n","protected":false},"featured_media":20765,"comment_status":"open","ping_status":"closed","template":"","meta":[],"product_brand":[],"product_cat":[111],"product_tag":[],"class_list":{"0":"post-20764","1":"product","2":"type-product","3":"status-publish","4":"has-post-thumbnail","6":"product_cat-copa-agua","7":"pa_brand-zafferano","8":"pa_color-verde","9":"pa_tamano-420ml","11":"first","12":"instock","13":"taxable","14":"shipping-taxable","15":"purchasable","16":"product-type-simple"},"_links":{"self":[{"href":"https:\/\/elalmacendeloza.com\/en\/wp-json\/wp\/v2\/product\/20764","targetHints":{"allow":["GET"]}}],"collection":[{"href":"https:\/\/elalmacendeloza.com\/en\/wp-json\/wp\/v2\/product"}],"about":[{"href":"https:\/\/elalmacendeloza.com\/en\/wp-json\/wp\/v2\/types\/product"}],"replies":[{"embeddable":true,"href":"https:\/\/elalmacendeloza.com\/en\/wp-json\/wp\/v2\/comments?post=20764"}],"wp:featuredmedia":[{"embeddable":true,"href":"https:\/\/elalmacendeloza.com\/en\/wp-json\/wp\/v2\/media\/20765"}],"wp:attachment":[{"href":"https:\/\/elalmacendeloza.com\/en\/wp-json\/wp\/v2\/media?parent=20764"}],"wp:term":[{"taxonomy":"product_brand","embeddable":true,"href":"https:\/\/elalmacendeloza.com\/en\/wp-json\/wp\/v2\/product_brand?post=20764"},{"taxonomy":"product_cat","embeddable":true,"href":"https:\/\/elalmacendeloza.com\/en\/wp-json\/wp\/v2\/product_cat?post=20764"},{"taxonomy":"product_tag","embeddable":true,"href":"https:\/\/elalmacendeloza.com\/en\/wp-json\/wp\/v2\/product_tag?post=20764"}],"curies":[{"name":"wp","href":"https:\/\/api.w.org\/{rel}","templated":true}]}}